{"id":3645,"date":"2025-09-10T13:51:21","date_gmt":"2025-09-10T13:51:21","guid":{"rendered":"https:\/\/2gproveil.eu\/noticias-y-eventos\/"},"modified":"2025-09-16T10:19:18","modified_gmt":"2025-09-16T10:19:18","slug":"noticias-y-eventos","status":"publish","type":"page","link":"https:\/\/2gproveil.eu\/es\/noticias-y-eventos\/","title":{"rendered":"Noticias y eventos"},"content":{"rendered":"\t\t<div data-elementor-type=\"wp-page\" data-elementor-id=\"3645\" class=\"elementor elementor-3645 elementor-2671\" data-elementor-post-type=\"page\">\n\t\t\t\t<div class=\"elementor-element elementor-element-442fa0d e-flex e-con-boxed elementor-invisible e-con e-parent\" data-id=\"442fa0d\" data-element_type=\"container\" data-settings=\"{&quot;background_background&quot;:&quot;classic&quot;,&quot;animation&quot;:&quot;fadeIn&quot;}\">\n\t\t\t\t\t<div class=\"e-con-inner\">\n\t\t\t\t<div class=\"elementor-element elementor-element-d1b94ea elementor-widget__width-initial elementor-invisible elementor-widget elementor-widget-heading\" data-id=\"d1b94ea\" data-element_type=\"widget\" data-settings=\"{&quot;_animation&quot;:&quot;fadeIn&quot;}\" data-widget_type=\"heading.default\">\n\t\t\t\t\t<h2 class=\"elementor-heading-title elementor-size-default\"><b>Noticias y eventos<\/b><\/h2>\t\t\t\t<\/div>\n\t\t\t\t\t<\/div>\n\t\t\t\t<\/div>\n\t\t<div class=\"elementor-element elementor-element-08b69d3 e-flex e-con-boxed e-con e-parent\" data-id=\"08b69d3\" data-element_type=\"container\">\n\t\t\t\t\t<div class=\"e-con-inner\">\n\t\t\t\t<div class=\"elementor-element elementor-element-b618237 elementor-widget elementor-widget-blogpost\" data-id=\"b618237\" data-element_type=\"widget\" data-widget_type=\"blogpost.default\">\n\t\t\t\t<div class=\"elementor-widget-container\">\n\t\t\t\t\t\r\n\r\n\r\n        \r\n                <!-- Start Blog Section -->\r\n        <section>\r\n          <div class=\"cs_height_190 cs_height_xl_145 cs_height_lg_105\"><\/div>\r\n          <div class=\"container\">\r\n                        <div class=\"cs_section_heading cs_style_1 text-center\">\r\n                          <div class=\"cs_height_5\"><\/div>\r\n                          \r\n\r\n            <\/div>\r\n                        <div class=\"cs_height_72 cs_height_lg_50\"><\/div>\r\n            <div class=\"row gy-4\">\r\n                          <div class=\"col-lg-4\">\r\n                <div class=\"cs_post cs_style_1\">\r\n                  <a href=\"https:\/\/2gproveil.eu\/es\/lanzamiento-del-proyecto-2g_proveil-dando-forma-al-futuro-de-la-proteccion-respiratoria-inteligente\/\" class=\"cs_post_thumb cs_view_mouse\">\r\n                    <img fetchpriority=\"high\" decoding=\"async\" width=\"1225\" height=\"456\" src=\"https:\/\/2gproveil.eu\/wp-content\/uploads\/img-1-3.jpg\" class=\"attachment-3705 size-3705 wp-post-image\" alt=\"\" thumbnail=\"\" srcset=\"https:\/\/2gproveil.eu\/wp-content\/uploads\/img-1-3.jpg 1225w, https:\/\/2gproveil.eu\/wp-content\/uploads\/img-1-3-300x112.jpg 300w, https:\/\/2gproveil.eu\/wp-content\/uploads\/img-1-3-1024x381.jpg 1024w, https:\/\/2gproveil.eu\/wp-content\/uploads\/img-1-3-768x286.jpg 768w\" sizes=\"(max-width: 1225px) 100vw, 1225px\" \/>                <\/a>\r\n                  <div class=\"cs_post_info\">\r\n                    <div>\r\n                      <div class=\"cs_post_meta\">\r\n                        <div class=\"cs_posted_by\"><span>11 <\/span><span>Sep, 2025<\/span><\/div>\r\n                                              <\/div>\r\n                      <h2 class=\"cs_post_title cs_semibold cs_fs_32\"><a href=\"https:\/\/2gproveil.eu\/es\/lanzamiento-del-proyecto-2g_proveil-dando-forma-al-futuro-de-la-proteccion-respiratoria-inteligente\/\">Lanzamiento del proyecto 2G_PROVEIL: dando forma al futuro de la protecci\u00f3n respiratoria<\/a><\/h2>\r\n                    <\/div>\r\n                    <div class=\"cs_heading_color cs_medium\"><a href=\"https:\/\/2gproveil.eu\/es\/lanzamiento-del-proyecto-2g_proveil-dando-forma-al-futuro-de-la-proteccion-respiratoria-inteligente\/\" class=\"cs_post_btn\">Learn More<\/a><\/div>\r\n                  <\/div>\r\n                <\/div>\r\n              <\/div>\r\n                        <\/div>\r\n          <\/div>\r\n        <\/section>\r\n        <!-- End Blog Section -->\r\n        \r\n        \r\n\r\n       \t\t\t\t<\/div>\n\t\t\t\t<\/div>\n\t\t\t\t\t<\/div>\n\t\t\t\t<\/div>\n\t\t<div class=\"elementor-element elementor-element-4c1aaf8 e-flex e-con-boxed e-con e-parent\" data-id=\"4c1aaf8\" data-element_type=\"container\">\n\t\t\t\t\t<div class=\"e-con-inner\">\n\t\t<div class=\"elementor-element elementor-element-2ecf3d8 e-con-full e-flex e-con e-child\" data-id=\"2ecf3d8\" data-element_type=\"container\">\n\t\t\t\t<div class=\"elementor-element elementor-element-4b914ef elementor-widget elementor-widget-heading\" data-id=\"4b914ef\" data-element_type=\"widget\" data-widget_type=\"heading.default\">\n\t\t\t\t\t<h3 class=\"elementor-heading-title elementor-size-default\">Detalles del proyecto<\/h3>\t\t\t\t<\/div>\n\t\t\t\t<div class=\"elementor-element elementor-element-fa8eb72 elementor-widget elementor-widget-text-editor\" data-id=\"fa8eb72\" data-element_type=\"widget\" data-widget_type=\"text-editor.default\">\n\t\t\t\t\t\t\t\t\t<div class=\"page\" title=\"P\u00e1gina 1\"><div class=\"section\"><div class=\"layoutArea\"><div class=\"column\"><p><span style=\"color: #000000;\">Convocatoria:<\/span> EU4H-2024-PJ-01<br><span style=\"color: #000000;\">Tipo de acci\u00f3n:<\/span> EU4H-PJG<br><span style=\"color: #000000;\">Acr\u00f3nimo:<\/span> 2G_PROVEIL<br><span style=\"color: #000000;\">GA:<\/span> 101203379<br><span style=\"color: #000000;\">Duraci\u00f3n:<\/span> 48 meses<\/p><p><span style=\"color: #000000;\">Fecha de inicio del proyecto:<\/span> 1 de abril de 2025<br><span style=\"color: #000000;\">Fecha de finalizaci\u00f3n del proyecto:<\/span> 31 de marzo de 2029<\/p><p><span style=\"color: #000000;\">Coste estimado del proyecto:<\/span> 5.144.630,37 \u20ac<\/p><p><span style=\"color: #000000;\">Contribuci\u00f3n solicitada a la UE:<\/span> 4.115.704,30 \u20ac<\/p><\/div><\/div><\/div><\/div>\t\t\t\t\t\t\t\t<\/div>\n\t\t\t\t<\/div>\n\t\t<div class=\"elementor-element elementor-element-c37f8b4 e-con-full e-flex e-con e-child\" data-id=\"c37f8b4\" data-element_type=\"container\">\n\t\t\t\t<div class=\"elementor-element elementor-element-7c8e02f elementor-widget elementor-widget-image\" data-id=\"7c8e02f\" data-element_type=\"widget\" data-widget_type=\"image.default\">\n\t\t\t\t\t\t\t\t\t\t\t\t\t\t\t<img decoding=\"async\" width=\"145\" height=\"153\" src=\"https:\/\/2gproveil.eu\/wp-content\/uploads\/2025\/09\/co-funded-eu.png\" class=\"attachment-large size-large wp-image-3666\" alt=\"\" \/>\t\t\t\t\t\t\t\t\t\t\t\t\t\t\t<\/div>\n\t\t\t\t<div class=\"elementor-element elementor-element-ef3ab50 elementor-widget elementor-widget-text-editor\" data-id=\"ef3ab50\" data-element_type=\"widget\" data-widget_type=\"text-editor.default\">\n\t\t\t\t\t\t\t\t\t<div class=\"page\" title=\"P\u00e1gina 1\"><div class=\"section\"><div class=\"layoutArea\"><div class=\"column\"><p>Proyecto cofinanciado por el Programa EU4Health 2021\u20132027 en virtud del acuerdo de subvenci\u00f3n n.\u00ba 101203379. No obstante, los puntos de vista y las opiniones expresadas son \u00fanicamente los del autor o autores y no reflejan necesariamente los de la Uni\u00f3n Europea o la Agencia Ejecutiva Europea de Salud y Digital (HADEA). Ni la Uni\u00f3n Europea ni la autoridad que concede la subvenci\u00f3n pueden ser considerados responsables de los mismos.  <\/p><\/div><\/div><\/div><\/div>\t\t\t\t\t\t\t\t<\/div>\n\t\t\t\t<\/div>\n\t\t\t\t\t<\/div>\n\t\t\t\t<\/div>\n\t\t\t\t<\/div>\n\t\t","protected":false},"excerpt":{"rendered":"<p>Noticias y eventos 11 Sep, 2025 Launch of the 2G_PROVEIL Project: Shaping the Future of Smart Respiratory Protection Learn More Detalles del proyecto Convocatoria: EU4H-2024-PJ-01Tipo de acci\u00f3n: EU4H-PJGAcr\u00f3nimo: 2G_PROVEILGA: 101203379Duraci\u00f3n: 48 meses Fecha de inicio del proyecto: 1 de abril de 2025Fecha de finalizaci\u00f3n del proyecto: 31 de marzo de 2029 Coste estimado del proyecto: [&hellip;]<\/p>\n","protected":false},"author":2,"featured_media":0,"parent":0,"menu_order":0,"comment_status":"closed","ping_status":"closed","template":"elementor_header_footer","meta":{"_acf_changed":false,"footnotes":""},"class_list":["post-3645","page","type-page","status-publish","hentry"],"acf":[],"_links":{"self":[{"href":"https:\/\/2gproveil.eu\/es\/wp-json\/wp\/v2\/pages\/3645","targetHints":{"allow":["GET"]}}],"collection":[{"href":"https:\/\/2gproveil.eu\/es\/wp-json\/wp\/v2\/pages"}],"about":[{"href":"https:\/\/2gproveil.eu\/es\/wp-json\/wp\/v2\/types\/page"}],"author":[{"embeddable":true,"href":"https:\/\/2gproveil.eu\/es\/wp-json\/wp\/v2\/users\/2"}],"replies":[{"embeddable":true,"href":"https:\/\/2gproveil.eu\/es\/wp-json\/wp\/v2\/comments?post=3645"}],"version-history":[{"count":1,"href":"https:\/\/2gproveil.eu\/es\/wp-json\/wp\/v2\/pages\/3645\/revisions"}],"predecessor-version":[{"id":3681,"href":"https:\/\/2gproveil.eu\/es\/wp-json\/wp\/v2\/pages\/3645\/revisions\/3681"}],"wp:attachment":[{"href":"https:\/\/2gproveil.eu\/es\/wp-json\/wp\/v2\/media?parent=3645"}],"curies":[{"name":"wp","href":"https:\/\/api.w.org\/{rel}","templated":true}]}}