{"id":3682,"date":"2025-09-10T14:10:19","date_gmt":"2025-09-10T14:10:19","guid":{"rendered":"https:\/\/2gproveil.eu\/medios\/"},"modified":"2025-09-16T10:19:18","modified_gmt":"2025-09-16T10:19:18","slug":"medios","status":"publish","type":"page","link":"https:\/\/2gproveil.eu\/es\/medios\/","title":{"rendered":"Medios"},"content":{"rendered":"\t\t<div data-elementor-type=\"wp-page\" data-elementor-id=\"3682\" class=\"elementor elementor-3682 elementor-2709\" data-elementor-post-type=\"page\">\n\t\t\t\t<div class=\"elementor-element elementor-element-442fa0d e-flex e-con-boxed elementor-invisible e-con e-parent\" data-id=\"442fa0d\" data-element_type=\"container\" data-settings=\"{&quot;background_background&quot;:&quot;classic&quot;,&quot;animation&quot;:&quot;fadeIn&quot;}\">\n\t\t\t\t\t<div class=\"e-con-inner\">\n\t\t\t\t<div class=\"elementor-element elementor-element-d1b94ea elementor-widget__width-initial elementor-invisible elementor-widget elementor-widget-heading\" data-id=\"d1b94ea\" data-element_type=\"widget\" data-settings=\"{&quot;_animation&quot;:&quot;fadeIn&quot;}\" data-widget_type=\"heading.default\">\n\t\t\t\t\t<h2 class=\"elementor-heading-title elementor-size-default\"><b>Medios<\/b><\/h2>\t\t\t\t<\/div>\n\t\t\t\t\t<\/div>\n\t\t\t\t<\/div>\n\t\t<div class=\"elementor-element elementor-element-08b69d3 e-flex e-con-boxed e-con e-parent\" data-id=\"08b69d3\" data-element_type=\"container\">\n\t\t\t\t\t<div class=\"e-con-inner\">\n\t\t<div class=\"elementor-element elementor-element-1fac7fb e-con-full e-flex e-con e-child\" data-id=\"1fac7fb\" data-element_type=\"container\">\n\t\t\t\t<div class=\"elementor-element elementor-element-0240963 elementor-widget elementor-widget-image\" data-id=\"0240963\" data-element_type=\"widget\" data-widget_type=\"image.default\">\n\t\t\t\t\t\t\t\t\t\t\t\t\t\t\t\t<a href=\"https:\/\/2gproveil.eu\/wp-content\/uploads\/Copia-de-MGG-2G_PROVEIL-leaflet_v2EN.pdf\">\n\t\t\t\t\t\t\t<img fetchpriority=\"high\" decoding=\"async\" width=\"627\" height=\"483\" src=\"https:\/\/2gproveil.eu\/wp-content\/uploads\/triptico.png\" class=\"attachment-large size-large wp-image-3683\" alt=\"\" srcset=\"https:\/\/2gproveil.eu\/wp-content\/uploads\/triptico.png 627w, https:\/\/2gproveil.eu\/wp-content\/uploads\/triptico-300x231.png 300w\" sizes=\"(max-width: 627px) 100vw, 627px\" \/>\t\t\t\t\t\t\t\t<\/a>\n\t\t\t\t\t\t\t\t\t\t\t\t\t\t\t<\/div>\n\t\t\t\t<div class=\"elementor-element elementor-element-28c9af5 elementor-align-center elementor-widget elementor-widget-button\" data-id=\"28c9af5\" data-element_type=\"widget\" data-widget_type=\"button.default\">\n\t\t\t\t\t\t\t\t\t\t<a class=\"elementor-button elementor-button-link elementor-size-sm\" href=\"https:\/\/2gproveil.eu\/wp-content\/uploads\/Copia-de-MGG-2G_PROVEIL-leaflet_v2EN.pdf\">\n\t\t\t\t\t\t<span class=\"elementor-button-content-wrapper\">\n\t\t\t\t\t\t<span class=\"elementor-button-icon\">\n\t\t\t\t<svg aria-hidden=\"true\" class=\"e-font-icon-svg e-fas-arrow-right\" viewBox=\"0 0 448 512\" xmlns=\"http:\/\/www.w3.org\/2000\/svg\"><path d=\"M190.5 66.9l22.2-22.2c9.4-9.4 24.6-9.4 33.9 0L441 239c9.4 9.4 9.4 24.6 0 33.9L246.6 467.3c-9.4 9.4-24.6 9.4-33.9 0l-22.2-22.2c-9.5-9.5-9.3-25 .4-34.3L311.4 296H24c-13.3 0-24-10.7-24-24v-32c0-13.3 10.7-24 24-24h287.4L190.9 101.2c-9.8-9.3-10-24.8-.4-34.3z\"><\/path><\/svg>\t\t\t<\/span>\n\t\t\t\t\t\t\t\t\t<span class=\"elementor-button-text\">Descargar folleto<\/span>\n\t\t\t\t\t<\/span>\n\t\t\t\t\t<\/a>\n\t\t\t\t\t\t\t\t<\/div>\n\t\t\t\t<\/div>\n\t\t<div class=\"elementor-element elementor-element-571fda4 e-con-full e-flex e-con e-child\" data-id=\"571fda4\" data-element_type=\"container\">\n\t\t\t\t<\/div>\n\t\t\t\t\t<\/div>\n\t\t\t\t<\/div>\n\t\t<div class=\"elementor-element elementor-element-4c1aaf8 e-flex e-con-boxed e-con e-parent\" data-id=\"4c1aaf8\" data-element_type=\"container\">\n\t\t\t\t\t<div class=\"e-con-inner\">\n\t\t<div class=\"elementor-element elementor-element-2ecf3d8 e-con-full e-flex e-con e-child\" data-id=\"2ecf3d8\" data-element_type=\"container\">\n\t\t\t\t<div class=\"elementor-element elementor-element-4b914ef elementor-widget elementor-widget-heading\" data-id=\"4b914ef\" data-element_type=\"widget\" data-widget_type=\"heading.default\">\n\t\t\t\t\t<h3 class=\"elementor-heading-title elementor-size-default\">Detalles del proyecto<\/h3>\t\t\t\t<\/div>\n\t\t\t\t<div class=\"elementor-element elementor-element-fa8eb72 elementor-widget elementor-widget-text-editor\" data-id=\"fa8eb72\" data-element_type=\"widget\" data-widget_type=\"text-editor.default\">\n\t\t\t\t\t\t\t\t\t<div class=\"page\" title=\"P\u00e1gina 1\"><div class=\"section\"><div class=\"layoutArea\"><div class=\"column\"><p><span style=\"color: #000000;\">Convocatoria:<\/span> EU4H-2024-PJ-01<br><span style=\"color: #000000;\">Tipo de acci\u00f3n:<\/span> EU4H-PJG<br><span style=\"color: #000000;\">Acr\u00f3nimo:<\/span> 2G_PROVEIL<br><span style=\"color: #000000;\">GA:<\/span> 101203379<br><span style=\"color: #000000;\">Duraci\u00f3n:<\/span> 48 meses<\/p><p><span style=\"color: #000000;\">Fecha de inicio del proyecto:<\/span> 1 de abril de 2025<br><span style=\"color: #000000;\">Fecha de finalizaci\u00f3n del proyecto:<\/span> 31 de marzo de 2029<\/p><p><span style=\"color: #000000;\">Coste estimado del proyecto:<\/span> 5.144.630,37 \u20ac<\/p><p><span style=\"color: #000000;\">Contribuci\u00f3n solicitada a la UE:<\/span> 4.115.704,30 \u20ac<\/p><\/div><\/div><\/div><\/div>\t\t\t\t\t\t\t\t<\/div>\n\t\t\t\t<\/div>\n\t\t<div class=\"elementor-element elementor-element-c37f8b4 e-con-full e-flex e-con e-child\" data-id=\"c37f8b4\" data-element_type=\"container\">\n\t\t\t\t<div class=\"elementor-element elementor-element-7c8e02f elementor-widget elementor-widget-image\" data-id=\"7c8e02f\" data-element_type=\"widget\" data-widget_type=\"image.default\">\n\t\t\t\t\t\t\t\t\t\t\t\t\t\t\t<img decoding=\"async\" width=\"145\" height=\"153\" src=\"https:\/\/2gproveil.eu\/wp-content\/uploads\/2025\/09\/co-funded-eu.png\" class=\"attachment-large size-large wp-image-3666\" alt=\"\" \/>\t\t\t\t\t\t\t\t\t\t\t\t\t\t\t<\/div>\n\t\t\t\t<div class=\"elementor-element elementor-element-ef3ab50 elementor-widget elementor-widget-text-editor\" data-id=\"ef3ab50\" data-element_type=\"widget\" data-widget_type=\"text-editor.default\">\n\t\t\t\t\t\t\t\t\t<div class=\"page\" title=\"P\u00e1gina 1\"><div class=\"section\"><div class=\"layoutArea\"><div class=\"column\"><p>Proyecto cofinanciado por el Programa EU4Health 2021\u20132027 en virtud del acuerdo de subvenci\u00f3n n\u00ba 101203379. No obstante, los puntos de vista y las opiniones expresadas son \u00fanicamente los del autor o autores y no reflejan necesariamente los de la Uni\u00f3n Europea o la Agencia Ejecutiva Europea de Salud y Digital (HADEA). Ni la Uni\u00f3n Europea ni la autoridad concedente pueden ser consideradas responsables de los mismos.  <\/p><\/div><\/div><\/div><\/div>\t\t\t\t\t\t\t\t<\/div>\n\t\t\t\t<\/div>\n\t\t\t\t\t<\/div>\n\t\t\t\t<\/div>\n\t\t\t\t<\/div>\n\t\t","protected":false},"excerpt":{"rendered":"<p>Medios Descargar folleto Detalles del proyecto Convocatoria: EU4H-2024-PJ-01Tipo de acci\u00f3n: EU4H-PJGAcr\u00f3nimo: 2G_PROVEILGA: 101203379Duraci\u00f3n: 48 meses Fecha de inicio del proyecto: 1 de abril de 2025Fecha de finalizaci\u00f3n del proyecto: 31 de marzo de 2029 Coste estimado del proyecto: 5.144.630,37 \u20ac Contribuci\u00f3n solicitada a la UE: 4.115.704,30 \u20ac Proyecto cofinanciado por el Programa EU4Health 2021\u20132027 en [&hellip;]<\/p>\n","protected":false},"author":2,"featured_media":0,"parent":0,"menu_order":0,"comment_status":"closed","ping_status":"closed","template":"elementor_header_footer","meta":{"_acf_changed":false,"footnotes":""},"class_list":["post-3682","page","type-page","status-publish","hentry"],"acf":[],"_links":{"self":[{"href":"https:\/\/2gproveil.eu\/es\/wp-json\/wp\/v2\/pages\/3682","targetHints":{"allow":["GET"]}}],"collection":[{"href":"https:\/\/2gproveil.eu\/es\/wp-json\/wp\/v2\/pages"}],"about":[{"href":"https:\/\/2gproveil.eu\/es\/wp-json\/wp\/v2\/types\/page"}],"author":[{"embeddable":true,"href":"https:\/\/2gproveil.eu\/es\/wp-json\/wp\/v2\/users\/2"}],"replies":[{"embeddable":true,"href":"https:\/\/2gproveil.eu\/es\/wp-json\/wp\/v2\/comments?post=3682"}],"version-history":[{"count":1,"href":"https:\/\/2gproveil.eu\/es\/wp-json\/wp\/v2\/pages\/3682\/revisions"}],"predecessor-version":[{"id":3684,"href":"https:\/\/2gproveil.eu\/es\/wp-json\/wp\/v2\/pages\/3682\/revisions\/3684"}],"wp:attachment":[{"href":"https:\/\/2gproveil.eu\/es\/wp-json\/wp\/v2\/media?parent=3682"}],"curies":[{"name":"wp","href":"https:\/\/api.w.org\/{rel}","templated":true}]}}