{"id":3685,"date":"2025-09-10T13:11:22","date_gmt":"2025-09-10T13:11:22","guid":{"rendered":"https:\/\/2gproveil.eu\/el-equipo\/"},"modified":"2025-10-02T12:35:27","modified_gmt":"2025-10-02T12:35:27","slug":"el-equipo","status":"publish","type":"page","link":"https:\/\/2gproveil.eu\/es\/el-equipo\/","title":{"rendered":"El equipo"},"content":{"rendered":"\t\t<div data-elementor-type=\"wp-page\" data-elementor-id=\"3685\" class=\"elementor elementor-3685 elementor-2603\" data-elementor-post-type=\"page\">\n\t\t\t\t<div class=\"elementor-element elementor-element-442fa0d e-flex e-con-boxed elementor-invisible e-con e-parent\" data-id=\"442fa0d\" data-element_type=\"container\" data-settings=\"{&quot;background_background&quot;:&quot;classic&quot;,&quot;animation&quot;:&quot;fadeIn&quot;}\">\n\t\t\t\t\t<div class=\"e-con-inner\">\n\t\t\t\t\t<\/div>\n\t\t\t\t<\/div>\n\t\t<div class=\"elementor-element elementor-element-57df7f3 e-flex e-con-boxed e-con e-parent\" data-id=\"57df7f3\" data-element_type=\"container\">\n\t\t\t\t\t<div class=\"e-con-inner\">\n\t\t\t\t<div class=\"elementor-element elementor-element-23e5486 elementor-widget elementor-widget-heading\" data-id=\"23e5486\" data-element_type=\"widget\" data-widget_type=\"heading.default\">\n\t\t\t\t\t<h1 class=\"elementor-heading-title elementor-size-default\">El equipo<\/h1>\t\t\t\t<\/div>\n\t\t\t\t<div class=\"elementor-element elementor-element-87dd6f9 elementor-widget elementor-widget-image-carousel\" data-id=\"87dd6f9\" data-element_type=\"widget\" data-settings=\"{&quot;slides_to_show&quot;:&quot;5&quot;,&quot;slides_to_show_tablet&quot;:&quot;5&quot;,&quot;slides_to_show_mobile&quot;:&quot;2&quot;,&quot;slides_to_scroll_mobile&quot;:&quot;1&quot;,&quot;navigation&quot;:&quot;none&quot;,&quot;autoplay_speed&quot;:3000,&quot;autoplay&quot;:&quot;yes&quot;,&quot;pause_on_interaction&quot;:&quot;yes&quot;,&quot;speed&quot;:500}\" data-widget_type=\"image-carousel.default\">\n\t\t\t\t\t\t\t<div class=\"elementor-image-carousel-wrapper swiper\" role=\"region\" aria-roledescription=\"carousel\" aria-label=\"Carrusel de im\u00e1genes\" dir=\"ltr\">\n\t\t\t<div class=\"elementor-image-carousel swiper-wrapper\" aria-live=\"off\">\n\t\t\t\t\t\t\t\t<div class=\"swiper-slide\" role=\"group\" aria-roledescription=\"slide\" aria-label=\"1 de 5\"><figure class=\"swiper-slide-inner\"><img decoding=\"async\" class=\"swiper-slide-image\" src=\"https:\/\/2gproveil.eu\/wp-content\/uploads\/2025\/09\/bionicia-1.png\" alt=\"Bionicia\" \/><\/figure><\/div><div class=\"swiper-slide\" role=\"group\" aria-roledescription=\"slide\" aria-label=\"2 de 5\"><figure class=\"swiper-slide-inner\"><img decoding=\"async\" class=\"swiper-slide-image\" src=\"https:\/\/2gproveil.eu\/wp-content\/uploads\/2025\/09\/csic.png\" alt=\"Csic\" \/><\/figure><\/div><div class=\"swiper-slide\" role=\"group\" aria-roledescription=\"slide\" aria-label=\"3 de 5\"><figure class=\"swiper-slide-inner\"><img decoding=\"async\" class=\"swiper-slide-image\" src=\"https:\/\/2gproveil.eu\/wp-content\/uploads\/generalitat-1.png\" alt=\"generalitat (1)\" \/><\/figure><\/div><div class=\"swiper-slide\" role=\"group\" aria-roledescription=\"slide\" aria-label=\"4 de 5\"><figure class=\"swiper-slide-inner\"><img decoding=\"async\" class=\"swiper-slide-image\" src=\"https:\/\/2gproveil.eu\/wp-content\/uploads\/2025\/09\/fisabio.png\" alt=\"Fisabio\" \/><\/figure><\/div><div class=\"swiper-slide\" role=\"group\" aria-roledescription=\"slide\" aria-label=\"5 de 5\"><figure class=\"swiper-slide-inner\"><img decoding=\"async\" class=\"swiper-slide-image\" src=\"https:\/\/2gproveil.eu\/wp-content\/uploads\/2025\/09\/iis-la-fe-1.png\" alt=\"Iis la fe\" \/><\/figure><\/div>\t\t\t<\/div>\n\t\t\t\t\t\t\t\n\t\t\t\t\t\t\t\t\t<\/div>\n\t\t\t\t\t\t<\/div>\n\t\t\t\t\t<\/div>\n\t\t\t\t<\/div>\n\t\t<div class=\"elementor-element elementor-element-c64e205 e-flex e-con-boxed e-con e-parent\" data-id=\"c64e205\" data-element_type=\"container\" data-settings=\"{&quot;background_background&quot;:&quot;classic&quot;}\">\n\t\t\t\t\t<div class=\"e-con-inner\">\n\t\t\t\t<div class=\"elementor-element elementor-element-be0ddd2 elementor-widget elementor-widget-n-accordion\" data-id=\"be0ddd2\" data-element_type=\"widget\" data-settings=\"{&quot;n_accordion_animation_duration&quot;:{&quot;unit&quot;:&quot;ms&quot;,&quot;size&quot;:300,&quot;sizes&quot;:[]},&quot;default_state&quot;:&quot;expanded&quot;,&quot;max_items_expended&quot;:&quot;one&quot;}\" data-widget_type=\"nested-accordion.default\">\n\t\t\t\t\t\t\t<div class=\"e-n-accordion\" aria-label=\"Accordion. Open links with Enter or Space, close with Escape, and navigate with Arrow Keys\">\n\t\t\t\t\t\t<details id=\"e-n-accordion-item-1990\" class=\"e-n-accordion-item\" open>\n\t\t\t\t<summary class=\"e-n-accordion-item-title\" data-accordion-index=\"1\" tabindex=\"0\" aria-expanded=\"true\" aria-controls=\"e-n-accordion-item-1990\" >\n\t\t\t\t\t<span class='e-n-accordion-item-title-header'><div class=\"e-n-accordion-item-title-text\"> BIOINICIA <\/div><\/span>\n\t\t\t\t\t\t\t<span class='e-n-accordion-item-title-icon'>\n\t\t\t<span class='e-opened' ><svg aria-hidden=\"true\" class=\"e-font-icon-svg e-fas-minus\" viewBox=\"0 0 448 512\" xmlns=\"http:\/\/www.w3.org\/2000\/svg\"><path d=\"M416 208H32c-17.67 0-32 14.33-32 32v32c0 17.67 14.33 32 32 32h384c17.67 0 32-14.33 32-32v-32c0-17.67-14.33-32-32-32z\"><\/path><\/svg><\/span>\n\t\t\t<span class='e-closed'><svg aria-hidden=\"true\" class=\"e-font-icon-svg e-fas-plus\" viewBox=\"0 0 448 512\" xmlns=\"http:\/\/www.w3.org\/2000\/svg\"><path d=\"M416 208H272V64c0-17.67-14.33-32-32-32h-32c-17.67 0-32 14.33-32 32v144H32c-17.67 0-32 14.33-32 32v32c0 17.67 14.33 32 32 32h144v144c0 17.67 14.33 32 32 32h32c17.67 0 32-14.33 32-32V304h144c17.67 0 32-14.33 32-32v-32c0-17.67-14.33-32-32-32z\"><\/path><\/svg><\/span>\n\t\t<\/span>\n\n\t\t\t\t\t\t<\/summary>\n\t\t\t\t<div role=\"region\" aria-labelledby=\"e-n-accordion-item-1990\" class=\"elementor-element elementor-element-ac189ef e-con-full e-flex e-con e-child\" data-id=\"ac189ef\" data-element_type=\"container\" data-settings=\"{&quot;background_background&quot;:&quot;classic&quot;}\">\n\t\t<div role=\"region\" aria-labelledby=\"e-n-accordion-item-1990\" class=\"elementor-element elementor-element-6e5f69c e-flex e-con-boxed e-con e-child\" data-id=\"6e5f69c\" data-element_type=\"container\">\n\t\t\t\t\t<div class=\"e-con-inner\">\n\t\t\t\t<div class=\"elementor-element elementor-element-07d2054 elementor-widget__width-initial elementor-widget elementor-widget-image\" data-id=\"07d2054\" data-element_type=\"widget\" data-widget_type=\"image.default\">\n\t\t\t\t\t\t\t\t\t\t\t\t\t\t\t<img decoding=\"async\" width=\"314\" height=\"150\" src=\"https:\/\/2gproveil.eu\/wp-content\/uploads\/bio.png\" class=\"attachment-large size-large wp-image-3679\" alt=\"Bioinicia\" srcset=\"https:\/\/2gproveil.eu\/wp-content\/uploads\/bio.png 314w, https:\/\/2gproveil.eu\/wp-content\/uploads\/bio-300x143.png 300w\" sizes=\"(max-width: 314px) 100vw, 314px\" \/>\t\t\t\t\t\t\t\t\t\t\t\t\t\t\t<\/div>\n\t\t\t\t<div class=\"elementor-element elementor-element-37d2d39 elementor-widget__width-initial elementor-widget elementor-widget-text-editor\" data-id=\"37d2d39\" data-element_type=\"widget\" data-widget_type=\"text-editor.default\">\n\t\t\t\t\t\t\t\t\t<div class=\"page\" title=\"P\u00e1gina 1\"><div class=\"section\"><div class=\"layoutArea\"><div class=\"column\"><div class=\"page\" title=\"P\u00e1gina 1\"><div class=\"section\"><div class=\"layoutArea\"><div class=\"column\"><p>BIOINICIA es una CDMO espa\u00f1ola especializada en biotecnolog\u00eda y nanomateriales mediante t\u00e9cnicas electrohidrodin\u00e1micas. Con amplia experiencia en proyectos europeos, desarrolla y fabrica soluciones innovadoras como filtros de nanofibras para EPI, integrando sostenibilidad, escalabilidad industrial y colaboraci\u00f3n cient\u00edfica con instituciones de investigaci\u00f3n de referencia como el CSIC. <\/p><\/div><\/div><\/div><\/div><\/div><\/div><\/div><\/div>\t\t\t\t\t\t\t\t<\/div>\n\t\t\t\t\t<\/div>\n\t\t\t\t<\/div>\n\t\t\t\t<\/div>\n\t\t\t\t\t<\/details>\n\t\t\t\t\t\t<details id=\"e-n-accordion-item-1991\" class=\"e-n-accordion-item\" >\n\t\t\t\t<summary class=\"e-n-accordion-item-title\" data-accordion-index=\"2\" tabindex=\"-1\" aria-expanded=\"false\" aria-controls=\"e-n-accordion-item-1991\" >\n\t\t\t\t\t<span class='e-n-accordion-item-title-header'><div class=\"e-n-accordion-item-title-text\"> CSIC <\/div><\/span>\n\t\t\t\t\t\t\t<span class='e-n-accordion-item-title-icon'>\n\t\t\t<span class='e-opened' ><svg aria-hidden=\"true\" class=\"e-font-icon-svg e-fas-minus\" viewBox=\"0 0 448 512\" xmlns=\"http:\/\/www.w3.org\/2000\/svg\"><path d=\"M416 208H32c-17.67 0-32 14.33-32 32v32c0 17.67 14.33 32 32 32h384c17.67 0 32-14.33 32-32v-32c0-17.67-14.33-32-32-32z\"><\/path><\/svg><\/span>\n\t\t\t<span class='e-closed'><svg aria-hidden=\"true\" class=\"e-font-icon-svg e-fas-plus\" viewBox=\"0 0 448 512\" xmlns=\"http:\/\/www.w3.org\/2000\/svg\"><path d=\"M416 208H272V64c0-17.67-14.33-32-32-32h-32c-17.67 0-32 14.33-32 32v144H32c-17.67 0-32 14.33-32 32v32c0 17.67 14.33 32 32 32h144v144c0 17.67 14.33 32 32 32h32c17.67 0 32-14.33 32-32V304h144c17.67 0 32-14.33 32-32v-32c0-17.67-14.33-32-32-32z\"><\/path><\/svg><\/span>\n\t\t<\/span>\n\n\t\t\t\t\t\t<\/summary>\n\t\t\t\t<div role=\"region\" aria-labelledby=\"e-n-accordion-item-1991\" class=\"elementor-element elementor-element-b34e694 e-con-full e-flex e-con e-child\" data-id=\"b34e694\" data-element_type=\"container\" data-settings=\"{&quot;background_background&quot;:&quot;classic&quot;}\">\n\t\t<div role=\"region\" aria-labelledby=\"e-n-accordion-item-1991\" class=\"elementor-element elementor-element-2ba9dbe e-flex e-con-boxed e-con e-child\" data-id=\"2ba9dbe\" data-element_type=\"container\">\n\t\t\t\t\t<div class=\"e-con-inner\">\n\t\t\t\t<div class=\"elementor-element elementor-element-2252b88 elementor-widget__width-initial elementor-widget elementor-widget-image\" data-id=\"2252b88\" data-element_type=\"widget\" data-widget_type=\"image.default\">\n\t\t\t\t\t\t\t\t\t\t\t\t\t\t\t<img fetchpriority=\"high\" decoding=\"async\" width=\"427\" height=\"209\" src=\"https:\/\/2gproveil.eu\/wp-content\/uploads\/2025\/09\/csic.png\" class=\"attachment-large size-large wp-image-3656\" alt=\"\" srcset=\"https:\/\/2gproveil.eu\/wp-content\/uploads\/2025\/09\/csic.png 427w, https:\/\/2gproveil.eu\/wp-content\/uploads\/2025\/09\/csic-300x147.png 300w\" sizes=\"(max-width: 427px) 100vw, 427px\" \/>\t\t\t\t\t\t\t\t\t\t\t\t\t\t\t<\/div>\n\t\t\t\t<div class=\"elementor-element elementor-element-5fbd20a elementor-widget__width-initial elementor-widget elementor-widget-text-editor\" data-id=\"5fbd20a\" data-element_type=\"widget\" data-widget_type=\"text-editor.default\">\n\t\t\t\t\t\t\t\t\t<div class=\"page\" title=\"P\u00e1gina 1\"><div class=\"section\"><div class=\"layoutArea\"><div class=\"column\"><div class=\"page\" title=\"P\u00e1gina 1\"><div class=\"section\"><div class=\"layoutArea\"><div class=\"column\"><p class=\"p1\">El Consejo Superior de Investigaciones Cient\u00edficas (CSIC) es la mayor instituci\u00f3n p\u00fablica dedicada a la investigaci\u00f3n en Espa\u00f1a y la tercera de Europa. Su principal objetivo es desarrollar y promover investigaciones que contribuyan al progreso cient\u00edfico y tecnol\u00f3gico. En este proyecto participar\u00e1n cuatro institutos del CSIC: CSIC-IATA (Coordinador del CSIC), CSIC-IQAC, CSIC-IMB-CM y CSIC-IDAEA, cubriendo ciencia de materiales, nanotecnolog\u00eda y aplicaciones biom\u00e9dicas.  <\/p><\/div><\/div><\/div><\/div><\/div><\/div><\/div><\/div>\t\t\t\t\t\t\t\t<\/div>\n\t\t\t\t\t<\/div>\n\t\t\t\t<\/div>\n\t\t\t\t<\/div>\n\t\t\t\t\t<\/details>\n\t\t\t\t\t\t<details id=\"e-n-accordion-item-1992\" class=\"e-n-accordion-item\" >\n\t\t\t\t<summary class=\"e-n-accordion-item-title\" data-accordion-index=\"3\" tabindex=\"-1\" aria-expanded=\"false\" aria-controls=\"e-n-accordion-item-1992\" >\n\t\t\t\t\t<span class='e-n-accordion-item-title-header'><div class=\"e-n-accordion-item-title-text\"> Fisabio <\/div><\/span>\n\t\t\t\t\t\t\t<span class='e-n-accordion-item-title-icon'>\n\t\t\t<span class='e-opened' ><svg aria-hidden=\"true\" class=\"e-font-icon-svg e-fas-minus\" viewBox=\"0 0 448 512\" xmlns=\"http:\/\/www.w3.org\/2000\/svg\"><path d=\"M416 208H32c-17.67 0-32 14.33-32 32v32c0 17.67 14.33 32 32 32h384c17.67 0 32-14.33 32-32v-32c0-17.67-14.33-32-32-32z\"><\/path><\/svg><\/span>\n\t\t\t<span class='e-closed'><svg aria-hidden=\"true\" class=\"e-font-icon-svg e-fas-plus\" viewBox=\"0 0 448 512\" xmlns=\"http:\/\/www.w3.org\/2000\/svg\"><path d=\"M416 208H272V64c0-17.67-14.33-32-32-32h-32c-17.67 0-32 14.33-32 32v144H32c-17.67 0-32 14.33-32 32v32c0 17.67 14.33 32 32 32h144v144c0 17.67 14.33 32 32 32h32c17.67 0 32-14.33 32-32V304h144c17.67 0 32-14.33 32-32v-32c0-17.67-14.33-32-32-32z\"><\/path><\/svg><\/span>\n\t\t<\/span>\n\n\t\t\t\t\t\t<\/summary>\n\t\t\t\t<div role=\"region\" aria-labelledby=\"e-n-accordion-item-1992\" class=\"elementor-element elementor-element-0c1cde2 e-con-full e-flex e-con e-child\" data-id=\"0c1cde2\" data-element_type=\"container\" data-settings=\"{&quot;background_background&quot;:&quot;classic&quot;}\">\n\t\t<div role=\"region\" aria-labelledby=\"e-n-accordion-item-1992\" class=\"elementor-element elementor-element-4ec99e8 e-flex e-con-boxed e-con e-child\" data-id=\"4ec99e8\" data-element_type=\"container\">\n\t\t\t\t\t<div class=\"e-con-inner\">\n\t\t<div role=\"region\" aria-labelledby=\"e-n-accordion-item-1992\" class=\"elementor-element elementor-element-3a1f3fb e-con-full e-flex e-con e-child\" data-id=\"3a1f3fb\" data-element_type=\"container\">\n\t\t\t\t<div class=\"elementor-element elementor-element-f573c62 elementor-widget__width-initial elementor-widget elementor-widget-image\" data-id=\"f573c62\" data-element_type=\"widget\" data-widget_type=\"image.default\">\n\t\t\t\t\t\t\t\t\t\t\t\t\t\t\t<img decoding=\"async\" width=\"427\" height=\"209\" src=\"https:\/\/2gproveil.eu\/wp-content\/uploads\/generalitat-1.png\" class=\"attachment-large size-large wp-image-3958\" alt=\"\" srcset=\"https:\/\/2gproveil.eu\/wp-content\/uploads\/generalitat-1.png 427w, https:\/\/2gproveil.eu\/wp-content\/uploads\/generalitat-1-300x147.png 300w\" sizes=\"(max-width: 427px) 100vw, 427px\" \/>\t\t\t\t\t\t\t\t\t\t\t\t\t\t\t<\/div>\n\t\t\t\t<div class=\"elementor-element elementor-element-30c9002 elementor-widget__width-initial elementor-widget elementor-widget-image\" data-id=\"30c9002\" data-element_type=\"widget\" data-widget_type=\"image.default\">\n\t\t\t\t\t\t\t\t\t\t\t\t\t\t\t<img loading=\"lazy\" decoding=\"async\" width=\"427\" height=\"209\" src=\"https:\/\/2gproveil.eu\/wp-content\/uploads\/2025\/09\/fisabio.png\" class=\"attachment-large size-large wp-image-3657\" alt=\"\" srcset=\"https:\/\/2gproveil.eu\/wp-content\/uploads\/2025\/09\/fisabio.png 427w, https:\/\/2gproveil.eu\/wp-content\/uploads\/2025\/09\/fisabio-300x147.png 300w\" sizes=\"(max-width: 427px) 100vw, 427px\" \/>\t\t\t\t\t\t\t\t\t\t\t\t\t\t\t<\/div>\n\t\t\t\t<\/div>\n\t\t\t\t<div class=\"elementor-element elementor-element-cff1e16 elementor-widget__width-initial elementor-widget elementor-widget-text-editor\" data-id=\"cff1e16\" data-element_type=\"widget\" data-widget_type=\"text-editor.default\">\n\t\t\t\t\t\t\t\t\t<div class=\"page\" title=\"P\u00e1gina 1\"><div class=\"section\"><div class=\"layoutArea\"><div class=\"column\"><div class=\"page\" title=\"P\u00e1gina 1\"><div class=\"section\"><div class=\"layoutArea\"><div class=\"column\"><p class=\"p1\">La Fundaci\u00f3n para el Fomento de la Investigaci\u00f3n Sanitaria y Biom\u00e9dica de la Comunidad Valenciana (https:\/\/fisabio.san.gva.es\/en\/) es una fundaci\u00f3n sin \u00e1nimo de lucro que promueve la investigaci\u00f3n e innovaci\u00f3n biom\u00e9dica en toda la Comunidad Valenciana.<\/p><p class=\"p1\">Da apoyo a m\u00e1s de 2.000 investigadores en salud, gestiona la I+D en salud p\u00fablica y hospitalaria, y coordina la Red Valenciana de Biobancos, prestando servicio al 74 % de la poblaci\u00f3n de la regi\u00f3n a trav\u00e9s de su amplia infraestructura sanitaria.<\/p><\/div><\/div><\/div><\/div><\/div><\/div><\/div><\/div>\t\t\t\t\t\t\t\t<\/div>\n\t\t\t\t\t<\/div>\n\t\t\t\t<\/div>\n\t\t\t\t<\/div>\n\t\t\t\t\t<\/details>\n\t\t\t\t\t\t<details id=\"e-n-accordion-item-1993\" class=\"e-n-accordion-item\" >\n\t\t\t\t<summary class=\"e-n-accordion-item-title\" data-accordion-index=\"4\" tabindex=\"-1\" aria-expanded=\"false\" aria-controls=\"e-n-accordion-item-1993\" >\n\t\t\t\t\t<span class='e-n-accordion-item-title-header'><div class=\"e-n-accordion-item-title-text\"> IIS La Fe <\/div><\/span>\n\t\t\t\t\t\t\t<span class='e-n-accordion-item-title-icon'>\n\t\t\t<span class='e-opened' ><svg aria-hidden=\"true\" class=\"e-font-icon-svg e-fas-minus\" viewBox=\"0 0 448 512\" xmlns=\"http:\/\/www.w3.org\/2000\/svg\"><path d=\"M416 208H32c-17.67 0-32 14.33-32 32v32c0 17.67 14.33 32 32 32h384c17.67 0 32-14.33 32-32v-32c0-17.67-14.33-32-32-32z\"><\/path><\/svg><\/span>\n\t\t\t<span class='e-closed'><svg aria-hidden=\"true\" class=\"e-font-icon-svg e-fas-plus\" viewBox=\"0 0 448 512\" xmlns=\"http:\/\/www.w3.org\/2000\/svg\"><path d=\"M416 208H272V64c0-17.67-14.33-32-32-32h-32c-17.67 0-32 14.33-32 32v144H32c-17.67 0-32 14.33-32 32v32c0 17.67 14.33 32 32 32h144v144c0 17.67 14.33 32 32 32h32c17.67 0 32-14.33 32-32V304h144c17.67 0 32-14.33 32-32v-32c0-17.67-14.33-32-32-32z\"><\/path><\/svg><\/span>\n\t\t<\/span>\n\n\t\t\t\t\t\t<\/summary>\n\t\t\t\t<div role=\"region\" aria-labelledby=\"e-n-accordion-item-1993\" class=\"elementor-element elementor-element-afac4bd e-con-full e-flex e-con e-child\" data-id=\"afac4bd\" data-element_type=\"container\" data-settings=\"{&quot;background_background&quot;:&quot;classic&quot;}\">\n\t\t<div role=\"region\" aria-labelledby=\"e-n-accordion-item-1993\" class=\"elementor-element elementor-element-c5898c2 e-flex e-con-boxed e-con e-child\" data-id=\"c5898c2\" data-element_type=\"container\">\n\t\t\t\t\t<div class=\"e-con-inner\">\n\t\t\t\t<div class=\"elementor-element elementor-element-604cf81 elementor-widget__width-initial elementor-widget elementor-widget-image\" data-id=\"604cf81\" data-element_type=\"widget\" data-widget_type=\"image.default\">\n\t\t\t\t\t\t\t\t\t\t\t\t\t\t\t<img loading=\"lazy\" decoding=\"async\" width=\"427\" height=\"209\" src=\"https:\/\/2gproveil.eu\/wp-content\/uploads\/2025\/09\/iis-la-fe.png\" class=\"attachment-large size-large wp-image-3680\" alt=\"\" \/>\t\t\t\t\t\t\t\t\t\t\t\t\t\t\t<\/div>\n\t\t\t\t<div class=\"elementor-element elementor-element-a7efe80 elementor-widget__width-initial elementor-widget elementor-widget-text-editor\" data-id=\"a7efe80\" data-element_type=\"widget\" data-widget_type=\"text-editor.default\">\n\t\t\t\t\t\t\t\t\t<div class=\"page\" title=\"P\u00e1gina 1\"><div class=\"section\"><div class=\"layoutArea\"><div class=\"column\"><div class=\"page\" title=\"P\u00e1gina 1\"><div class=\"section\"><div class=\"layoutArea\"><div class=\"column\"><p class=\"p1\">La Fundaci\u00f3n para la Investigaci\u00f3n del Hospital Universitario La Fe de la Comunidad Valenciana es un Instituto de Investigaci\u00f3n Sanitaria sin \u00e1nimo de lucro acreditado por el ISCIll desde 2009. Dirige la pol\u00edtica de investigaci\u00f3n del Hospital La Fe, fomentando la excelencia, la innovaci\u00f3n y la transferencia de conocimiento. Con m\u00e1s de 10.000 m\u00b0 de laboratorios, infraestructuras avanzadas y plataformas especializadas, proporciona un apoyo integral a la investigaci\u00f3n biom\u00e9dica de vanguardia y al desarrollo de \u00e1reas de investigaci\u00f3n prioritarias.  <\/p><\/div><\/div><\/div><\/div><\/div><\/div><\/div><\/div>\t\t\t\t\t\t\t\t<\/div>\n\t\t\t\t\t<\/div>\n\t\t\t\t<\/div>\n\t\t\t\t<\/div>\n\t\t\t\t\t<\/details>\n\t\t\t\t\t<\/div>\n\t\t\t\t\t\t<\/div>\n\t\t\t\t\t<\/div>\n\t\t\t\t<\/div>\n\t\t<div class=\"elementor-element elementor-element-4c1aaf8 e-flex e-con-boxed e-con e-parent\" data-id=\"4c1aaf8\" data-element_type=\"container\">\n\t\t\t\t\t<div class=\"e-con-inner\">\n\t\t<div class=\"elementor-element elementor-element-2ecf3d8 e-con-full e-flex e-con e-child\" data-id=\"2ecf3d8\" data-element_type=\"container\">\n\t\t\t\t<div class=\"elementor-element elementor-element-4b914ef elementor-widget elementor-widget-heading\" data-id=\"4b914ef\" data-element_type=\"widget\" data-widget_type=\"heading.default\">\n\t\t\t\t\t<h3 class=\"elementor-heading-title elementor-size-default\">Detalles del proyecto<\/h3>\t\t\t\t<\/div>\n\t\t\t\t<div class=\"elementor-element elementor-element-fa8eb72 elementor-widget elementor-widget-text-editor\" data-id=\"fa8eb72\" data-element_type=\"widget\" data-widget_type=\"text-editor.default\">\n\t\t\t\t\t\t\t\t\t<div class=\"page\" title=\"P\u00e1gina 1\"><div class=\"section\"><div class=\"layoutArea\"><div class=\"column\"><p><span style=\"color: #000000;\">Convocatoria:<\/span> EU4H-2024-PJ-01<br><span style=\"color: #000000;\">Tipo de acci\u00f3n:<\/span> EU4H-PJG<br><span style=\"color: #000000;\">Acr\u00f3nimo:<\/span> 2G_PROVEIL<br><span style=\"color: #000000;\">GA:<\/span> 101203379<br><span style=\"color: #000000;\">Duraci\u00f3n:<\/span> 48 meses<\/p><p><span style=\"color: #000000;\">Fecha de inicio del proyecto:<\/span> 1 de abril de 2025<br><span style=\"color: #000000;\">Fecha de finalizaci\u00f3n del proyecto:<\/span> 31 de marzo de 2029<\/p><p><span style=\"color: #000000;\">Coste estimado del proyecto:<\/span> 5.144.630,37 \u20ac<\/p><p><span style=\"color: #000000;\">Contribuci\u00f3n solicitada a la UE:<\/span> 4.115.704,30 \u20ac<\/p><\/div><\/div><\/div><\/div>\t\t\t\t\t\t\t\t<\/div>\n\t\t\t\t<\/div>\n\t\t<div class=\"elementor-element elementor-element-c37f8b4 e-con-full e-flex e-con e-child\" data-id=\"c37f8b4\" data-element_type=\"container\">\n\t\t\t\t<div class=\"elementor-element elementor-element-7c8e02f elementor-widget elementor-widget-image\" data-id=\"7c8e02f\" data-element_type=\"widget\" data-widget_type=\"image.default\">\n\t\t\t\t\t\t\t\t\t\t\t\t\t\t\t<img loading=\"lazy\" decoding=\"async\" width=\"145\" height=\"153\" src=\"https:\/\/2gproveil.eu\/wp-content\/uploads\/2025\/09\/co-funded-eu.png\" class=\"attachment-large size-large wp-image-3666\" alt=\"\" \/>\t\t\t\t\t\t\t\t\t\t\t\t\t\t\t<\/div>\n\t\t\t\t<div class=\"elementor-element elementor-element-ef3ab50 elementor-widget elementor-widget-text-editor\" data-id=\"ef3ab50\" data-element_type=\"widget\" data-widget_type=\"text-editor.default\">\n\t\t\t\t\t\t\t\t\t<div class=\"page\" title=\"P\u00e1gina 1\"><div class=\"section\"><div class=\"layoutArea\"><div class=\"column\"><p>Proyecto cofinanciado en el marco del Programa EU4Health 2021-2027 en virtud del acuerdo de subvenci\u00f3n n\u00ba 101203379. No obstante, los puntos de vista y las opiniones expresadas son \u00fanicamente los del autor o autores y no reflejan necesariamente los de la Uni\u00f3n Europea o la Agencia Ejecutiva Europea de Salud y Digital (HADEA). Ni la Uni\u00f3n Europea ni la autoridad concedente pueden ser consideradas responsables de los mismos.  <\/p><\/div><\/div><\/div><\/div>\t\t\t\t\t\t\t\t<\/div>\n\t\t\t\t<\/div>\n\t\t\t\t\t<\/div>\n\t\t\t\t<\/div>\n\t\t\t\t<\/div>\n\t\t","protected":false},"excerpt":{"rendered":"<p>El equipo BIOINICIA BIOINICIA es una CDMO espa\u00f1ola especializada en biotecnolog\u00eda y nanomateriales mediante t\u00e9cnicas electrohidrodin\u00e1micas. Con amplia experiencia en proyectos europeos, desarrolla y fabrica soluciones innovadoras como filtros de nanofibras para EPI, integrando sostenibilidad, escalabilidad industrial y colaboraci\u00f3n cient\u00edfica con instituciones de investigaci\u00f3n de referencia como el CSIC. CSIC El Consejo Superior de Investigaciones [&hellip;]<\/p>\n","protected":false},"author":2,"featured_media":0,"parent":0,"menu_order":0,"comment_status":"closed","ping_status":"closed","template":"elementor_header_footer","meta":{"_acf_changed":false,"footnotes":""},"class_list":["post-3685","page","type-page","status-publish","hentry"],"acf":[],"_links":{"self":[{"href":"https:\/\/2gproveil.eu\/es\/wp-json\/wp\/v2\/pages\/3685","targetHints":{"allow":["GET"]}}],"collection":[{"href":"https:\/\/2gproveil.eu\/es\/wp-json\/wp\/v2\/pages"}],"about":[{"href":"https:\/\/2gproveil.eu\/es\/wp-json\/wp\/v2\/types\/page"}],"author":[{"embeddable":true,"href":"https:\/\/2gproveil.eu\/es\/wp-json\/wp\/v2\/users\/2"}],"replies":[{"embeddable":true,"href":"https:\/\/2gproveil.eu\/es\/wp-json\/wp\/v2\/comments?post=3685"}],"version-history":[{"count":15,"href":"https:\/\/2gproveil.eu\/es\/wp-json\/wp\/v2\/pages\/3685\/revisions"}],"predecessor-version":[{"id":3901,"href":"https:\/\/2gproveil.eu\/es\/wp-json\/wp\/v2\/pages\/3685\/revisions\/3901"}],"wp:attachment":[{"href":"https:\/\/2gproveil.eu\/es\/wp-json\/wp\/v2\/media?parent=3685"}],"curies":[{"name":"wp","href":"https:\/\/api.w.org\/{rel}","templated":true}]}}