{"id":3688,"date":"2025-09-10T14:16:46","date_gmt":"2025-09-10T14:16:46","guid":{"rendered":"https:\/\/2gproveil.eu\/contacto\/"},"modified":"2025-09-16T10:27:03","modified_gmt":"2025-09-16T10:27:03","slug":"contacto","status":"publish","type":"page","link":"https:\/\/2gproveil.eu\/es\/contacto\/","title":{"rendered":"Contacto"},"content":{"rendered":"\t\t<div data-elementor-type=\"wp-page\" data-elementor-id=\"3688\" class=\"elementor elementor-3688 elementor-2722\" data-elementor-post-type=\"page\">\n\t\t\t\t<div class=\"elementor-element elementor-element-442fa0d e-flex e-con-boxed elementor-invisible e-con e-parent\" data-id=\"442fa0d\" data-element_type=\"container\" data-settings=\"{&quot;background_background&quot;:&quot;classic&quot;,&quot;animation&quot;:&quot;fadeIn&quot;}\">\n\t\t\t\t\t<div class=\"e-con-inner\">\n\t\t\t\t<div class=\"elementor-element elementor-element-d1b94ea elementor-widget__width-initial elementor-invisible elementor-widget elementor-widget-heading\" data-id=\"d1b94ea\" data-element_type=\"widget\" data-settings=\"{&quot;_animation&quot;:&quot;fadeIn&quot;}\" data-widget_type=\"heading.default\">\n\t\t\t\t\t<h2 class=\"elementor-heading-title elementor-size-default\"><b>Contacto<\/b><\/h2>\t\t\t\t<\/div>\n\t\t\t\t\t<\/div>\n\t\t\t\t<\/div>\n\t\t<div class=\"elementor-element elementor-element-08b69d3 e-flex e-con-boxed e-con e-parent\" data-id=\"08b69d3\" data-element_type=\"container\">\n\t\t\t\t\t<div class=\"e-con-inner\">\n\t\t<div class=\"elementor-element elementor-element-1fac7fb e-con-full e-flex e-con e-child\" data-id=\"1fac7fb\" data-element_type=\"container\">\n\t\t\t\t<div class=\"elementor-element elementor-element-bdcdefb elementor-widget elementor-widget-heading\" data-id=\"bdcdefb\" data-element_type=\"widget\" data-widget_type=\"heading.default\">\n\t\t\t\t\t<h3 class=\"elementor-heading-title elementor-size-default\">Cont\u00e1ctenos<\/h3>\t\t\t\t<\/div>\n\t\t\t\t<div class=\"elementor-element elementor-element-4eaeefe elementor-icon-list--layout-traditional elementor-list-item-link-full_width elementor-widget elementor-widget-icon-list\" data-id=\"4eaeefe\" data-element_type=\"widget\" data-widget_type=\"icon-list.default\">\n\t\t\t\t\t\t\t<ul class=\"elementor-icon-list-items\">\n\t\t\t\t\t\t\t<li class=\"elementor-icon-list-item\">\n\t\t\t\t\t\t\t\t\t\t\t<span class=\"elementor-icon-list-icon\">\n\t\t\t\t\t\t\t<i aria-hidden=\"true\" class=\"tp flaticon-right-arrow\"><\/i>\t\t\t\t\t\t<\/span>\n\t\t\t\t\t\t\t\t\t\t<span class=\"elementor-icon-list-text\"> \u00bfEst\u00e1 listo para experimentar la protecci\u00f3n respiratoria de \u00faltima generaci\u00f3n?<\/span>\n\t\t\t\t\t\t\t\t\t<\/li>\n\t\t\t\t\t\t<\/ul>\n\t\t\t\t\t\t<\/div>\n\t\t\t\t<div class=\"elementor-element elementor-element-7cccf36 elementor-widget elementor-widget-text-editor\" data-id=\"7cccf36\" data-element_type=\"widget\" data-widget_type=\"text-editor.default\">\n\t\t\t\t\t\t\t\t\t<div class=\"page\" title=\"P\u00e1gina 1\"><div class=\"section\"><div class=\"layoutArea\"><div class=\"column\"><div class=\"page\" title=\"P\u00e1gina 1\"><div class=\"section\"><div class=\"layoutArea\"><div class=\"column\"><div class=\"page\" title=\"P\u00e1gina 1\"><div class=\"section\"><div class=\"layoutArea\"><div class=\"column\"><p>BIOINICIA SL \u2014 Coordinador de proyectos Paterna (VALENCIA), Espa\u00f1a<\/p><\/div><\/div><\/div><\/div><\/div><\/div><\/div><\/div><\/div><\/div><\/div><\/div>\t\t\t\t\t\t\t\t<\/div>\n\t\t\t\t<\/div>\n\t\t<div class=\"elementor-element elementor-element-571fda4 e-con-full e-flex e-con e-child\" data-id=\"571fda4\" data-element_type=\"container\">\n\t\t<div class=\"elementor-element elementor-element-e3bfc04 e-con-full e-flex e-con e-child\" data-id=\"e3bfc04\" data-element_type=\"container\">\n\t\t<div class=\"elementor-element elementor-element-6db8584 e-con-full e-flex e-con e-child\" data-id=\"6db8584\" data-element_type=\"container\" data-settings=\"{&quot;background_background&quot;:&quot;classic&quot;}\">\n\t\t<div class=\"elementor-element elementor-element-8e01d82 e-con-full e-flex e-con e-child\" data-id=\"8e01d82\" data-element_type=\"container\" data-settings=\"{&quot;position&quot;:&quot;absolute&quot;}\">\n\t\t\t\t<\/div>\n\t\t\t\t<div class=\"elementor-element elementor-element-9d868ec elementor-absolute elementor-widget elementor-widget-image\" data-id=\"9d868ec\" data-element_type=\"widget\" data-settings=\"{&quot;_position&quot;:&quot;absolute&quot;}\" data-widget_type=\"image.default\">\n\t\t\t\t\t\t\t\t\t\t\t\t\t\t\t<img fetchpriority=\"high\" decoding=\"async\" width=\"300\" height=\"283\" src=\"https:\/\/2gproveil.eu\/wp-content\/uploads\/foto.png\" class=\"attachment-medium size-medium wp-image-3689\" alt=\"Cont\u00e1ctenos - 2G_PROVEIL\" \/>\t\t\t\t\t\t\t\t\t\t\t\t\t\t\t<\/div>\n\t\t<div class=\"elementor-element elementor-element-6f84460 e-con-full e-flex e-con e-child\" data-id=\"6f84460\" data-element_type=\"container\">\n\t\t<div class=\"elementor-element elementor-element-9981b66 e-con-full e-flex e-con e-child\" data-id=\"9981b66\" data-element_type=\"container\">\n\t\t\t\t<div class=\"elementor-element elementor-element-285fa1b elementor-widget__width-initial elementor-list-item-link-full_width elementor-widget elementor-widget-icon-list\" data-id=\"285fa1b\" data-element_type=\"widget\" data-widget_type=\"icon-list.default\">\n\t\t\t\t\t\t\t<ul class=\"elementor-icon-list-items\">\n\t\t\t\t\t\t\t<li class=\"elementor-icon-list-item\">\n\t\t\t\t\t\t\t\t\t\t\t<span class=\"elementor-icon-list-icon\">\n\t\t\t\t\t\t\t<svg aria-hidden=\"true\" class=\"e-font-icon-svg e-fas-mail-bulk\" viewBox=\"0 0 576 512\" xmlns=\"http:\/\/www.w3.org\/2000\/svg\"><path d=\"M160 448c-25.6 0-51.2-22.4-64-32-64-44.8-83.2-60.8-96-70.4V480c0 17.67 14.33 32 32 32h256c17.67 0 32-14.33 32-32V345.6c-12.8 9.6-32 25.6-96 70.4-12.8 9.6-38.4 32-64 32zm128-192H32c-17.67 0-32 14.33-32 32v16c25.6 19.2 22.4 19.2 115.2 86.4 9.6 6.4 28.8 25.6 44.8 25.6s35.2-19.2 44.8-22.4c92.8-67.2 89.6-67.2 115.2-86.4V288c0-17.67-14.33-32-32-32zm256-96H224c-17.67 0-32 14.33-32 32v32h96c33.21 0 60.59 25.42 63.71 57.82l.29-.22V416h192c17.67 0 32-14.33 32-32V192c0-17.67-14.33-32-32-32zm-32 128h-64v-64h64v64zm-352-96c0-35.29 28.71-64 64-64h224V32c0-17.67-14.33-32-32-32H96C78.33 0 64 14.33 64 32v192h96v-32z\"><\/path><\/svg>\t\t\t\t\t\t<\/span>\n\t\t\t\t\t\t\t\t\t\t<span class=\"elementor-icon-list-text\">contact@bionicia.com<\/span>\n\t\t\t\t\t\t\t\t\t<\/li>\n\t\t\t\t\t\t\t\t<li class=\"elementor-icon-list-item\">\n\t\t\t\t\t\t\t\t\t\t\t<span class=\"elementor-icon-list-icon\">\n\t\t\t\t\t\t\t<svg aria-hidden=\"true\" class=\"e-font-icon-svg e-fas-map-marker-alt\" viewBox=\"0 0 384 512\" xmlns=\"http:\/\/www.w3.org\/2000\/svg\"><path d=\"M172.268 501.67C26.97 291.031 0 269.413 0 192 0 85.961 85.961 0 192 0s192 85.961 192 192c0 77.413-26.97 99.031-172.268 309.67-9.535 13.774-29.93 13.773-39.464 0zM192 272c44.183 0 80-35.817 80-80s-35.817-80-80-80-80 35.817-80 80 35.817 80 80 80z\"><\/path><\/svg>\t\t\t\t\t\t<\/span>\n\t\t\t\t\t\t\t\t\t\t<span class=\"elementor-icon-list-text\">C\/Algepser 65, nave 3, Parque empresarial T\u00e1ctica, Paterna 46980 (SPAIN)<\/span>\n\t\t\t\t\t\t\t\t\t<\/li>\n\t\t\t\t\t\t\t\t<li class=\"elementor-icon-list-item\">\n\t\t\t\t\t\t\t\t\t\t\t<span class=\"elementor-icon-list-icon\">\n\t\t\t\t\t\t\t<svg aria-hidden=\"true\" class=\"e-font-icon-svg e-fab-linkedin-in\" viewBox=\"0 0 448 512\" xmlns=\"http:\/\/www.w3.org\/2000\/svg\"><path d=\"M100.28 448H7.4V148.9h92.88zM53.79 108.1C24.09 108.1 0 83.5 0 53.8a53.79 53.79 0 0 1 107.58 0c0 29.7-24.1 54.3-53.79 54.3zM447.9 448h-92.68V302.4c0-34.7-.7-79.2-48.29-79.2-48.29 0-55.69 37.7-55.69 76.7V448h-92.78V148.9h89.08v40.8h1.3c12.4-23.5 42.69-48.3 87.88-48.3 94 0 111.28 61.9 111.28 142.3V448z\"><\/path><\/svg>\t\t\t\t\t\t<\/span>\n\t\t\t\t\t\t\t\t\t\t<span class=\"elementor-icon-list-text\">linkedin.com\/company\/2g-proveil<\/span>\n\t\t\t\t\t\t\t\t\t<\/li>\n\t\t\t\t\t\t\t\t<li class=\"elementor-icon-list-item\">\n\t\t\t\t\t\t\t\t\t\t\t<span class=\"elementor-icon-list-icon\">\n\t\t\t\t\t\t\t<svg aria-hidden=\"true\" class=\"e-font-icon-svg e-fas-phone-alt\" viewBox=\"0 0 512 512\" xmlns=\"http:\/\/www.w3.org\/2000\/svg\"><path d=\"M497.39 361.8l-112-48a24 24 0 0 0-28 6.9l-49.6 60.6A370.66 370.66 0 0 1 130.6 204.11l60.6-49.6a23.94 23.94 0 0 0 6.9-28l-48-112A24.16 24.16 0 0 0 122.6.61l-104 24A24 24 0 0 0 0 48c0 256.5 207.9 464 464 464a24 24 0 0 0 23.4-18.6l24-104a24.29 24.29 0 0 0-14.01-27.6z\"><\/path><\/svg>\t\t\t\t\t\t<\/span>\n\t\t\t\t\t\t\t\t\t\t<span class=\"elementor-icon-list-text\">961 34 77 80<\/span>\n\t\t\t\t\t\t\t\t\t<\/li>\n\t\t\t\t\t\t<\/ul>\n\t\t\t\t\t\t<\/div>\n\t\t\t\t<\/div>\n\t\t\t\t<\/div>\n\t\t\t\t<\/div>\n\t\t\t\t<\/div>\n\t\t\t\t<\/div>\n\t\t\t\t\t<\/div>\n\t\t\t\t<\/div>\n\t\t<div class=\"elementor-element elementor-element-4c1aaf8 e-flex e-con-boxed e-con e-parent\" data-id=\"4c1aaf8\" data-element_type=\"container\">\n\t\t\t\t\t<div class=\"e-con-inner\">\n\t\t<div class=\"elementor-element elementor-element-2ecf3d8 e-con-full e-flex e-con e-child\" data-id=\"2ecf3d8\" data-element_type=\"container\">\n\t\t\t\t<div class=\"elementor-element elementor-element-4b914ef elementor-widget elementor-widget-heading\" data-id=\"4b914ef\" data-element_type=\"widget\" data-widget_type=\"heading.default\">\n\t\t\t\t\t<h3 class=\"elementor-heading-title elementor-size-default\">Detalles del proyecto<\/h3>\t\t\t\t<\/div>\n\t\t\t\t<div class=\"elementor-element elementor-element-fa8eb72 elementor-widget elementor-widget-text-editor\" data-id=\"fa8eb72\" data-element_type=\"widget\" data-widget_type=\"text-editor.default\">\n\t\t\t\t\t\t\t\t\t<div class=\"page\" title=\"P\u00e1gina 1\"><div class=\"section\"><div class=\"layoutArea\"><div class=\"column\"><p><span style=\"color: #000000;\">Convocatoria:<\/span> EU4H-2024-PJ-01<br><span style=\"color: #000000;\">Tipo de acci\u00f3n:<\/span> EU4H-PJG<br><span style=\"color: #000000;\">Acr\u00f3nimo:<\/span> 2G_PROVEIL<br><span style=\"color: #000000;\">GA:<\/span> 101203379<br><span style=\"color: #000000;\">Duraci\u00f3n:<\/span> 48 meses<\/p><p><span style=\"color: #000000;\">Fecha de inicio del proyecto:<\/span> 1 de abril de 2025<br><span style=\"color: #000000;\">Fecha de finalizaci\u00f3n del proyecto:<\/span> 31 de marzo de 2029<\/p><p><span style=\"color: #000000;\">Coste estimado del proyecto:<\/span> 5.144.630,37 \u20ac<\/p><p><span style=\"color: #000000;\">Contribuci\u00f3n solicitada a la UE:<\/span> 4.115.704,30 \u20ac<\/p><\/div><\/div><\/div><\/div>\t\t\t\t\t\t\t\t<\/div>\n\t\t\t\t<\/div>\n\t\t<div class=\"elementor-element elementor-element-c37f8b4 e-con-full e-flex e-con e-child\" data-id=\"c37f8b4\" data-element_type=\"container\">\n\t\t\t\t<div class=\"elementor-element elementor-element-7c8e02f elementor-widget elementor-widget-image\" data-id=\"7c8e02f\" data-element_type=\"widget\" data-widget_type=\"image.default\">\n\t\t\t\t\t\t\t\t\t\t\t\t\t\t\t<img decoding=\"async\" width=\"145\" height=\"153\" src=\"https:\/\/2gproveil.eu\/wp-content\/uploads\/2025\/09\/co-funded-eu.png\" class=\"attachment-large size-large wp-image-3666\" alt=\"\" \/>\t\t\t\t\t\t\t\t\t\t\t\t\t\t\t<\/div>\n\t\t\t\t<div class=\"elementor-element elementor-element-ef3ab50 elementor-widget elementor-widget-text-editor\" data-id=\"ef3ab50\" data-element_type=\"widget\" data-widget_type=\"text-editor.default\">\n\t\t\t\t\t\t\t\t\t<div class=\"page\" title=\"P\u00e1gina 1\"><div class=\"section\"><div class=\"layoutArea\"><div class=\"column\"><p>Proyecto cofinanciado por el Programa EU4Health 2021\u20132027 en virtud del acuerdo de subvenci\u00f3n n\u00ba 101203379. No obstante, los puntos de vista y las opiniones expresadas son \u00fanicamente los del autor o autores y no reflejan necesariamente los de la Uni\u00f3n Europea o la Agencia Ejecutiva Europea de Salud y Digital (HADEA). Ni la Uni\u00f3n Europea ni la autoridad que concede la subvenci\u00f3n pueden ser consideradas responsables de los mismos.  <\/p><\/div><\/div><\/div><\/div>\t\t\t\t\t\t\t\t<\/div>\n\t\t\t\t<\/div>\n\t\t\t\t\t<\/div>\n\t\t\t\t<\/div>\n\t\t\t\t<\/div>\n\t\t","protected":false},"excerpt":{"rendered":"<p>Contacto Cont\u00e1ctenos \u00bfEst\u00e1 listo para experimentar la protecci\u00f3n respiratoria de \u00faltima generaci\u00f3n? BIOINICIA SL \u2014 Coordinador de proyectos Paterna (VALENCIA), Espa\u00f1a contact@bionicia.com C\/Algepser 65, nave 3, Parque empresarial T\u00e1ctica, Paterna 46980 (SPAIN) linkedin.com\/company\/2g-proveil 961 34 77 80 Detalles del proyecto Convocatoria: EU4H-2024-PJ-01Tipo de acci\u00f3n: EU4H-PJGAcr\u00f3nimo: 2G_PROVEILGA: 101203379Duraci\u00f3n: 48 meses Fecha de inicio del proyecto: 1 [&hellip;]<\/p>\n","protected":false},"author":2,"featured_media":0,"parent":0,"menu_order":0,"comment_status":"closed","ping_status":"closed","template":"elementor_header_footer","meta":{"_acf_changed":false,"footnotes":""},"class_list":["post-3688","page","type-page","status-publish","hentry"],"acf":[],"_links":{"self":[{"href":"https:\/\/2gproveil.eu\/es\/wp-json\/wp\/v2\/pages\/3688","targetHints":{"allow":["GET"]}}],"collection":[{"href":"https:\/\/2gproveil.eu\/es\/wp-json\/wp\/v2\/pages"}],"about":[{"href":"https:\/\/2gproveil.eu\/es\/wp-json\/wp\/v2\/types\/page"}],"author":[{"embeddable":true,"href":"https:\/\/2gproveil.eu\/es\/wp-json\/wp\/v2\/users\/2"}],"replies":[{"embeddable":true,"href":"https:\/\/2gproveil.eu\/es\/wp-json\/wp\/v2\/comments?post=3688"}],"version-history":[{"count":3,"href":"https:\/\/2gproveil.eu\/es\/wp-json\/wp\/v2\/pages\/3688\/revisions"}],"predecessor-version":[{"id":3769,"href":"https:\/\/2gproveil.eu\/es\/wp-json\/wp\/v2\/pages\/3688\/revisions\/3769"}],"wp:attachment":[{"href":"https:\/\/2gproveil.eu\/es\/wp-json\/wp\/v2\/media?parent=3688"}],"curies":[{"name":"wp","href":"https:\/\/api.w.org\/{rel}","templated":true}]}}