{"id":3699,"date":"2025-09-10T12:53:15","date_gmt":"2025-09-10T12:53:15","guid":{"rendered":"https:\/\/2gproveil.eu\/progreso\/"},"modified":"2025-12-18T12:46:32","modified_gmt":"2025-12-18T12:46:32","slug":"progreso","status":"publish","type":"page","link":"https:\/\/2gproveil.eu\/es\/progreso\/","title":{"rendered":"Progreso"},"content":{"rendered":"\t\t<div data-elementor-type=\"wp-page\" data-elementor-id=\"3699\" class=\"elementor elementor-3699 elementor-2543\" data-elementor-post-type=\"page\">\n\t\t\t\t<div class=\"elementor-element elementor-element-442fa0d e-flex e-con-boxed elementor-invisible e-con e-parent\" data-id=\"442fa0d\" data-element_type=\"container\" data-settings=\"{&quot;background_background&quot;:&quot;classic&quot;,&quot;animation&quot;:&quot;fadeIn&quot;}\">\n\t\t\t\t\t<div class=\"e-con-inner\">\n\t\t\t\t<div class=\"elementor-element elementor-element-4383374 elementor-widget__width-initial elementor-invisible elementor-widget elementor-widget-heading\" data-id=\"4383374\" data-element_type=\"widget\" data-settings=\"{&quot;_animation&quot;:&quot;fadeIn&quot;}\" data-widget_type=\"heading.default\">\n\t\t\t\t\t<h1 class=\"elementor-heading-title elementor-size-default\"><b>Paquetes de trabajo y<\/b> calendario de desarrollo<\/h1>\t\t\t\t<\/div>\n\t\t\t\t\t<\/div>\n\t\t\t\t<\/div>\n\t\t<div class=\"elementor-element elementor-element-80cf1d3 e-flex e-con-boxed e-con e-parent\" data-id=\"80cf1d3\" data-element_type=\"container\" data-settings=\"{&quot;background_background&quot;:&quot;classic&quot;}\">\n\t\t\t\t\t<div class=\"e-con-inner\">\n\t\t<div class=\"elementor-element elementor-element-2b7fbc0 e-con-full elementor-hidden-mobile e-flex e-con e-child\" data-id=\"2b7fbc0\" data-element_type=\"container\">\n\t\t\t\t<div class=\"elementor-element elementor-element-8432dd1 elementor-widget elementor-widget-image\" data-id=\"8432dd1\" data-element_type=\"widget\" data-widget_type=\"image.default\">\n\t\t\t\t\t\t\t\t\t\t\t\t\t\t\t<img fetchpriority=\"high\" decoding=\"async\" width=\"640\" height=\"401\" src=\"https:\/\/2gproveil.eu\/wp-content\/uploads\/img-1-4.jpg\" class=\"attachment-large size-large wp-image-3677\" alt=\"Progreso 2G_PROVEIL\" \/>\t\t\t\t\t\t\t\t\t\t\t\t\t\t\t<\/div>\n\t\t\t\t<\/div>\n\t\t<div class=\"elementor-element elementor-element-ab1f3cb e-con-full e-flex e-con e-child\" data-id=\"ab1f3cb\" data-element_type=\"container\">\n\t\t\t\t<div class=\"elementor-element elementor-element-6a01745 elementor-widget elementor-widget-heading\" data-id=\"6a01745\" data-element_type=\"widget\" data-widget_type=\"heading.default\">\n\t\t\t\t\t<h2 class=\"elementor-heading-title elementor-size-default\">Investigaci\u00f3n e \nestructuradas para filtros de EPI \ny mascarillas inteligentes<\/h2>\t\t\t\t<\/div>\n\t\t\t\t<div class=\"elementor-element elementor-element-a1a5af3 elementor-hidden-desktop elementor-hidden-tablet elementor-widget elementor-widget-image\" data-id=\"a1a5af3\" data-element_type=\"widget\" data-widget_type=\"image.default\">\n\t\t\t\t\t\t\t\t\t\t\t\t\t\t\t<img fetchpriority=\"high\" decoding=\"async\" width=\"640\" height=\"401\" src=\"https:\/\/2gproveil.eu\/wp-content\/uploads\/img-1-4.jpg\" class=\"attachment-large size-large wp-image-3677\" alt=\"Progreso 2G_PROVEIL\" \/>\t\t\t\t\t\t\t\t\t\t\t\t\t\t\t<\/div>\n\t\t\t\t<div class=\"elementor-element elementor-element-83d2bf3 elementor-widget elementor-widget-text-editor\" data-id=\"83d2bf3\" data-element_type=\"widget\" data-widget_type=\"text-editor.default\">\n\t\t\t\t\t\t\t\t\t<div class=\"page\" title=\"P\u00e1gina 1\"><div class=\"section\"><div class=\"layoutArea\"><div class=\"column\"><div class=\"page\" title=\"P\u00e1gina 1\"><div class=\"section\"><div class=\"layoutArea\"><div class=\"column\"><div class=\"page\" title=\"P\u00e1gina 1\"><div class=\"section\"><div class=\"layoutArea\"><div class=\"column\"><p>El proyecto <span style=\"color: #000000;\"><strong>2G_PROVEIL<\/strong><\/span> se estructura en 6 paquetes de trabajo (WP) interconectados, cada uno centrado en un componente cr\u00edtico del desarrollo, la validaci\u00f3n y la difusi\u00f3n del producto:<\/p><\/div><\/div><\/div><\/div><\/div><\/div><\/div><\/div><\/div><\/div><\/div><\/div>\t\t\t\t\t\t\t\t<\/div>\n\t\t\t\t<\/div>\n\t\t\t\t\t<\/div>\n\t\t\t\t<\/div>\n\t\t<div class=\"elementor-element elementor-element-a19c871 e-flex e-con-boxed e-con e-parent\" data-id=\"a19c871\" data-element_type=\"container\">\n\t\t\t\t\t<div class=\"e-con-inner\">\n\t\t\t\t<div class=\"elementor-element elementor-element-0e3b58d elementor-widget elementor-widget-heading\" data-id=\"0e3b58d\" data-element_type=\"widget\" data-widget_type=\"heading.default\">\n\t\t\t\t\t<h3 class=\"elementor-heading-title elementor-size-default\">PROGRESO<\/h3>\t\t\t\t<\/div>\n\t\t<div class=\"elementor-element elementor-element-02f9a16 e-con-full e-flex e-con e-child\" data-id=\"02f9a16\" data-element_type=\"container\">\n\t\t\t\t<div class=\"elementor-element elementor-element-2f3989e elementor-widget elementor-widget-text-editor\" data-id=\"2f3989e\" data-element_type=\"widget\" data-widget_type=\"text-editor.default\">\n\t\t\t\t\t\t\t\t\t<div class=\"page\" title=\"P\u00e1gina 1\"><div class=\"section\"><div class=\"layoutArea\"><div class=\"column\"><div class=\"page\" title=\"P\u00e1gina 1\"><div class=\"section\"><div class=\"layoutArea\"><div class=\"column\"><p>WP1 \u2013 Gesti\u00f3n del proyecto, gesti\u00f3n de riesgos y derechos de propiedad intelectual | Coordinaci\u00f3n, control de calidad, gesti\u00f3n de riesgos y protecci\u00f3n de la propiedad intelectual para el desarrollo de mascarillas reutilizables FFP2 y FFP3 <strong>| M1-M48<\/strong><\/p><\/div><\/div><\/div><\/div><\/div><\/div><\/div><\/div>\t\t\t\t\t\t\t\t<\/div>\n\t\t<div class=\"elementor-element elementor-element-f4c5b9b e-con-full e-flex e-con e-child\" data-id=\"f4c5b9b\" data-element_type=\"container\">\n\t\t\t\t<div class=\"elementor-element elementor-element-3197abd elementor-widget__width-initial elementor-widget elementor-widget-progress\" data-id=\"3197abd\" data-element_type=\"widget\" data-widget_type=\"progress.default\">\n\t\t\t\t\t\n\t\t<div aria-label=\"PT2 - Selecci\u00f3n de materiales y desarrollo de filtros de EPI | M1-M12\" class=\"elementor-progress-wrapper\" role=\"progressbar\" aria-valuemin=\"0\" aria-valuemax=\"100\" aria-valuenow=\"10\">\n\t\t\t<div class=\"elementor-progress-bar\" data-max=\"10\">\n\t\t\t\t<span class=\"elementor-progress-text\"><\/span>\n\t\t\t\t\t\t\t<\/div>\n\t\t<\/div>\n\t\t\t\t\t\t<\/div>\n\t\t\t\t<div class=\"elementor-element elementor-element-a385c4c elementor-widget__width-initial elementor-widget elementor-widget-text-editor\" data-id=\"a385c4c\" data-element_type=\"widget\" data-widget_type=\"text-editor.default\">\n\t\t\t\t\t\t\t\t\t<p>10%<\/p>\t\t\t\t\t\t\t\t<\/div>\n\t\t\t\t<\/div>\n\t\t\t\t<\/div>\n\t\t<div class=\"elementor-element elementor-element-49c9f83 e-con-full e-flex e-con e-child\" data-id=\"49c9f83\" data-element_type=\"container\">\n\t\t\t\t<div class=\"elementor-element elementor-element-3c8af30 elementor-widget elementor-widget-text-editor\" data-id=\"3c8af30\" data-element_type=\"widget\" data-widget_type=\"text-editor.default\">\n\t\t\t\t\t\t\t\t\t<div class=\"page\" title=\"P\u00e1gina 1\"><div class=\"section\"><div class=\"layoutArea\"><div class=\"column\"><div class=\"page\" title=\"P\u00e1gina 1\"><div class=\"section\"><div class=\"layoutArea\"><div class=\"column\"><p>PT2 &#8211; Selecci\u00f3n de materiales y desarrollo de filtros de EPI | Selecci\u00f3n y optimizaci\u00f3n de materiales de filtro para mascarillas reutilizables FFP2 y mascarillas reutilizables FFP3 <strong>| M1-M12<\/strong><\/p><\/div><\/div><\/div><\/div><\/div><\/div><\/div><\/div>\t\t\t\t\t\t\t\t<\/div>\n\t\t<div class=\"elementor-element elementor-element-fedd091 e-con-full e-flex e-con e-child\" data-id=\"fedd091\" data-element_type=\"container\">\n\t\t\t\t<div class=\"elementor-element elementor-element-ed141ff elementor-widget__width-initial elementor-widget elementor-widget-progress\" data-id=\"ed141ff\" data-element_type=\"widget\" data-widget_type=\"progress.default\">\n\t\t\t\t\t\n\t\t<div aria-label=\"PT2 - Selecci\u00f3n de materiales y desarrollo de filtros de EPI | M1-M12\" class=\"elementor-progress-wrapper\" role=\"progressbar\" aria-valuemin=\"0\" aria-valuemax=\"100\" aria-valuenow=\"75\">\n\t\t\t<div class=\"elementor-progress-bar\" data-max=\"75\">\n\t\t\t\t<span class=\"elementor-progress-text\"><\/span>\n\t\t\t\t\t\t\t<\/div>\n\t\t<\/div>\n\t\t\t\t\t\t<\/div>\n\t\t\t\t<div class=\"elementor-element elementor-element-e2e47f5 elementor-widget__width-initial elementor-widget elementor-widget-text-editor\" data-id=\"e2e47f5\" data-element_type=\"widget\" data-widget_type=\"text-editor.default\">\n\t\t\t\t\t\t\t\t\t<p>75%<\/p>\t\t\t\t\t\t\t\t<\/div>\n\t\t\t\t<\/div>\n\t\t\t\t<\/div>\n\t\t<div class=\"elementor-element elementor-element-b0b3566 e-con-full e-flex e-con e-child\" data-id=\"b0b3566\" data-element_type=\"container\">\n\t\t\t\t<div class=\"elementor-element elementor-element-9b77709 elementor-widget elementor-widget-text-editor\" data-id=\"9b77709\" data-element_type=\"widget\" data-widget_type=\"text-editor.default\">\n\t\t\t\t\t\t\t\t\t<div class=\"page\" title=\"P\u00e1gina 1\"><div class=\"section\"><div class=\"layoutArea\"><div class=\"column\"><div class=\"page\" title=\"P\u00e1gina 1\"><div class=\"section\"><div class=\"layoutArea\"><div class=\"column\"><p>PT3 &#8211; Desarrollo de filtros antimicrobianos FFP2 y FFP3 para EPI | Investigaci\u00f3n avanzada sobre nanofibras virucidas, fungicidas y bactericidas para mascarillas con filtros HEPA <strong>| M1-M24<\/strong><\/p><\/div><\/div><\/div><\/div><\/div><\/div><\/div><\/div>\t\t\t\t\t\t\t\t<\/div>\n\t\t<div class=\"elementor-element elementor-element-2b8bf60 e-con-full e-flex e-con e-child\" data-id=\"2b8bf60\" data-element_type=\"container\">\n\t\t\t\t<div class=\"elementor-element elementor-element-656fbfa elementor-widget__width-initial elementor-widget elementor-widget-progress\" data-id=\"656fbfa\" data-element_type=\"widget\" data-widget_type=\"progress.default\">\n\t\t\t\t\t\n\t\t<div aria-label=\"PT2 - Selecci\u00f3n de materiales y desarrollo de filtros de EPI | M1-M12\" class=\"elementor-progress-wrapper\" role=\"progressbar\" aria-valuemin=\"0\" aria-valuemax=\"100\" aria-valuenow=\"20\">\n\t\t\t<div class=\"elementor-progress-bar\" data-max=\"20\">\n\t\t\t\t<span class=\"elementor-progress-text\"><\/span>\n\t\t\t\t\t\t\t<\/div>\n\t\t<\/div>\n\t\t\t\t\t\t<\/div>\n\t\t\t\t<div class=\"elementor-element elementor-element-f6c44d7 elementor-widget__width-initial elementor-widget elementor-widget-text-editor\" data-id=\"f6c44d7\" data-element_type=\"widget\" data-widget_type=\"text-editor.default\">\n\t\t\t\t\t\t\t\t\t<p>20%<\/p>\t\t\t\t\t\t\t\t<\/div>\n\t\t\t\t<\/div>\n\t\t\t\t<\/div>\n\t\t<div class=\"elementor-element elementor-element-c11d33e e-con-full e-flex e-con e-child\" data-id=\"c11d33e\" data-element_type=\"container\">\n\t\t\t\t<div class=\"elementor-element elementor-element-8f0d311 elementor-widget elementor-widget-text-editor\" data-id=\"8f0d311\" data-element_type=\"widget\" data-widget_type=\"text-editor.default\">\n\t\t\t\t\t\t\t\t\t<div class=\"page\" title=\"P\u00e1gina 1\"><div class=\"section\"><div class=\"layoutArea\"><div class=\"column\"><div class=\"page\" title=\"P\u00e1gina 1\"><div class=\"section\"><div class=\"layoutArea\"><div class=\"column\"><div class=\"page\" title=\"P\u00e1gina 1\"><div class=\"section\"><div class=\"layoutArea\"><div class=\"column\"><div class=\"page\" title=\"P\u00e1gina 1\"><div class=\"section\"><div class=\"layoutArea\"><div class=\"column\"><p>PT4 &#8211; M\u00f3dulo de detecci\u00f3n para mascarillas inteligentes | Desarrollo de sensores intr\u00ednsecos y extr\u00ednsecos para verificar el sellado facial de las mascarillas respiratorias con filtros <strong>| M1-M24<\/strong><\/p><\/div><\/div><\/div><\/div><\/div><\/div><\/div><\/div><\/div><\/div><\/div><\/div><\/div><\/div><\/div><\/div>\t\t\t\t\t\t\t\t<\/div>\n\t\t<div class=\"elementor-element elementor-element-7c0b926 e-con-full e-flex e-con e-child\" data-id=\"7c0b926\" data-element_type=\"container\">\n\t\t\t\t<div class=\"elementor-element elementor-element-835118e elementor-widget__width-initial elementor-widget elementor-widget-progress\" data-id=\"835118e\" data-element_type=\"widget\" data-widget_type=\"progress.default\">\n\t\t\t\t\t\n\t\t<div aria-label=\"PT2 - Selecci\u00f3n de materiales y desarrollo de filtros de EPI | M1-M12\" class=\"elementor-progress-wrapper\" role=\"progressbar\" aria-valuemin=\"0\" aria-valuemax=\"100\" aria-valuenow=\"20\">\n\t\t\t<div class=\"elementor-progress-bar\" data-max=\"20\">\n\t\t\t\t<span class=\"elementor-progress-text\"><\/span>\n\t\t\t\t\t\t\t<\/div>\n\t\t<\/div>\n\t\t\t\t\t\t<\/div>\n\t\t\t\t<div class=\"elementor-element elementor-element-0880a1e elementor-widget__width-initial elementor-widget elementor-widget-text-editor\" data-id=\"0880a1e\" data-element_type=\"widget\" data-widget_type=\"text-editor.default\">\n\t\t\t\t\t\t\t\t\t<p>20%<\/p>\t\t\t\t\t\t\t\t<\/div>\n\t\t\t\t<\/div>\n\t\t\t\t<\/div>\n\t\t<div class=\"elementor-element elementor-element-f32cf3a e-con-full e-flex e-con e-child\" data-id=\"f32cf3a\" data-element_type=\"container\">\n\t\t\t\t<div class=\"elementor-element elementor-element-484e592 elementor-widget elementor-widget-text-editor\" data-id=\"484e592\" data-element_type=\"widget\" data-widget_type=\"text-editor.default\">\n\t\t\t\t\t\t\t\t\t<div class=\"page\" title=\"P\u00e1gina 1\"><div class=\"section\"><div class=\"layoutArea\"><div class=\"column\"><div class=\"page\" title=\"P\u00e1gina 1\"><div class=\"section\"><div class=\"layoutArea\"><div class=\"column\"><p>PT5 &#8211; Escalabilidad industrial, consultas con la base de usuarios y certificaci\u00f3n de EPI | Pruebas piloto de fabricaci\u00f3n, certificaci\u00f3n CE de mascarillas reutilizables FFP3 y FFP2, y almacenamiento <strong>| M25-M48<\/strong><\/p><\/div><\/div><\/div><\/div><\/div><\/div><\/div><\/div>\t\t\t\t\t\t\t\t<\/div>\n\t\t<div class=\"elementor-element elementor-element-7390719 e-con-full e-flex e-con e-child\" data-id=\"7390719\" data-element_type=\"container\">\n\t\t\t\t<div class=\"elementor-element elementor-element-74bdac9 elementor-widget__width-initial elementor-widget elementor-widget-progress\" data-id=\"74bdac9\" data-element_type=\"widget\" data-widget_type=\"progress.default\">\n\t\t\t\t\t\n\t\t<div aria-label=\"PT2 - Selecci\u00f3n de materiales y desarrollo de filtros de EPI | M1-M12\" class=\"elementor-progress-wrapper\" role=\"progressbar\" aria-valuemin=\"0\" aria-valuemax=\"100\" aria-valuenow=\"0\">\n\t\t\t<div class=\"elementor-progress-bar\" data-max=\"0\">\n\t\t\t\t<span class=\"elementor-progress-text\"><\/span>\n\t\t\t\t\t\t\t<\/div>\n\t\t<\/div>\n\t\t\t\t\t\t<\/div>\n\t\t\t\t<div class=\"elementor-element elementor-element-a5e5d54 elementor-widget__width-initial elementor-widget elementor-widget-text-editor\" data-id=\"a5e5d54\" data-element_type=\"widget\" data-widget_type=\"text-editor.default\">\n\t\t\t\t\t\t\t\t\t<p>0%<\/p>\t\t\t\t\t\t\t\t<\/div>\n\t\t\t\t<\/div>\n\t\t\t\t<\/div>\n\t\t<div class=\"elementor-element elementor-element-37ec2ee e-con-full e-flex e-con e-child\" data-id=\"37ec2ee\" data-element_type=\"container\">\n\t\t\t\t<div class=\"elementor-element elementor-element-800ca4a elementor-widget elementor-widget-text-editor\" data-id=\"800ca4a\" data-element_type=\"widget\" data-widget_type=\"text-editor.default\">\n\t\t\t\t\t\t\t\t\t<div class=\"page\" title=\"P\u00e1gina 1\">\n<div class=\"section\">\n<div class=\"layoutArea\">\n<div class=\"column\">\n<div class=\"page\" title=\"P\u00e1gina 1\">\n<div class=\"section\">\n<div class=\"layoutArea\">\n<div class=\"column\">\n\nWP6 \u2013 Desarrollo, explotaci\u00f3n y difusi\u00f3n de casos de negocio | Estrategia de mercado, transferencia de tecnolog\u00eda, visibilidad en toda la UE y participaci\u00f3n de las partes interesadas para la distribuci\u00f3n de mascarillas reutilizables. <strong>| M1-M48<\/strong>\n\n<\/div>\n<\/div>\n<\/div>\n<\/div>\n<\/div>\n<\/div>\n<\/div>\n<\/div>\t\t\t\t\t\t\t\t<\/div>\n\t\t<div class=\"elementor-element elementor-element-28a05b3 e-con-full e-flex e-con e-child\" data-id=\"28a05b3\" data-element_type=\"container\">\n\t\t\t\t<div class=\"elementor-element elementor-element-e1bf169 elementor-widget__width-initial elementor-widget elementor-widget-progress\" data-id=\"e1bf169\" data-element_type=\"widget\" data-widget_type=\"progress.default\">\n\t\t\t\t\t\n\t\t<div aria-label=\"PT2 - Selecci\u00f3n de materiales y desarrollo de filtros de EPI | M1-M12\" class=\"elementor-progress-wrapper\" role=\"progressbar\" aria-valuemin=\"0\" aria-valuemax=\"100\" aria-valuenow=\"10\">\n\t\t\t<div class=\"elementor-progress-bar\" data-max=\"10\">\n\t\t\t\t<span class=\"elementor-progress-text\"><\/span>\n\t\t\t\t\t\t\t<\/div>\n\t\t<\/div>\n\t\t\t\t\t\t<\/div>\n\t\t\t\t<div class=\"elementor-element elementor-element-b9cd7ae elementor-widget__width-initial elementor-widget elementor-widget-text-editor\" data-id=\"b9cd7ae\" data-element_type=\"widget\" data-widget_type=\"text-editor.default\">\n\t\t\t\t\t\t\t\t\t<p>10%<\/p>\t\t\t\t\t\t\t\t<\/div>\n\t\t\t\t<\/div>\n\t\t\t\t<\/div>\n\t\t\t\t\t<\/div>\n\t\t\t\t<\/div>\n\t\t<div class=\"elementor-element elementor-element-4c1aaf8 e-flex e-con-boxed e-con e-parent\" data-id=\"4c1aaf8\" data-element_type=\"container\">\n\t\t\t\t\t<div class=\"e-con-inner\">\n\t\t<div class=\"elementor-element elementor-element-2ecf3d8 e-con-full e-flex e-con e-child\" data-id=\"2ecf3d8\" data-element_type=\"container\">\n\t\t\t\t<div class=\"elementor-element elementor-element-4b914ef elementor-widget elementor-widget-heading\" data-id=\"4b914ef\" data-element_type=\"widget\" data-widget_type=\"heading.default\">\n\t\t\t\t\t<h3 class=\"elementor-heading-title elementor-size-default\">Detalles del proyecto<\/h3>\t\t\t\t<\/div>\n\t\t\t\t<div class=\"elementor-element elementor-element-fa8eb72 elementor-widget elementor-widget-text-editor\" data-id=\"fa8eb72\" data-element_type=\"widget\" data-widget_type=\"text-editor.default\">\n\t\t\t\t\t\t\t\t\t<div class=\"page\" title=\"P\u00e1gina 1\"><div class=\"section\"><div class=\"layoutArea\"><div class=\"column\"><p><span style=\"color: #000000;\">Convocatoria:<\/span> EU4H-2024-PJ-01<br><span style=\"color: #000000;\">Tipo de acci\u00f3n:<\/span> EU4H-PJG<br><span style=\"color: #000000;\">Acr\u00f3nimo:<\/span> 2G_PROVEIL<br><span style=\"color: #000000;\">GA:<\/span> 101203379<br><span style=\"color: #000000;\">Duraci\u00f3n:<\/span> 48 meses<\/p><p><span style=\"color: #000000;\">Fecha de inicio del proyecto:<\/span> 1 de abril de 2025<br><span style=\"color: #000000;\">Fecha de finalizaci\u00f3n del proyecto:<\/span> 31 de marzo de 2029<\/p><p><span style=\"color: #000000;\">Coste estimado del proyecto:<\/span> 5.144.630,37 \u20ac<\/p><p><span style=\"color: #000000;\">Contribuci\u00f3n solicitada a la UE:<\/span> 4.115.704,30 \u20ac<\/p><\/div><\/div><\/div><\/div>\t\t\t\t\t\t\t\t<\/div>\n\t\t\t\t<\/div>\n\t\t<div class=\"elementor-element elementor-element-c37f8b4 e-con-full e-flex e-con e-child\" data-id=\"c37f8b4\" data-element_type=\"container\">\n\t\t\t\t<div class=\"elementor-element elementor-element-7c8e02f elementor-widget elementor-widget-image\" data-id=\"7c8e02f\" data-element_type=\"widget\" data-widget_type=\"image.default\">\n\t\t\t\t\t\t\t\t\t\t\t\t\t\t\t<img decoding=\"async\" width=\"145\" height=\"153\" src=\"https:\/\/2gproveil.eu\/wp-content\/uploads\/2025\/09\/co-funded-eu.png\" class=\"attachment-large size-large wp-image-3666\" alt=\"\" \/>\t\t\t\t\t\t\t\t\t\t\t\t\t\t\t<\/div>\n\t\t\t\t<div class=\"elementor-element elementor-element-ef3ab50 elementor-widget elementor-widget-text-editor\" data-id=\"ef3ab50\" data-element_type=\"widget\" data-widget_type=\"text-editor.default\">\n\t\t\t\t\t\t\t\t\t<div class=\"page\" title=\"P\u00e1gina 1\"><div class=\"section\"><div class=\"layoutArea\"><div class=\"column\"><p>Proyecto cofinanciado por el Programa EU4Health 2021\u20132027 en virtud del acuerdo de subvenci\u00f3n n\u00ba 101203379. No obstante, los puntos de vista y las opiniones expresadas son \u00fanicamente los del autor o autores y no reflejan necesariamente los de la Uni\u00f3n Europea o la Agencia Ejecutiva Europea de Salud y Digital (HADEA). Ni la Uni\u00f3n Europea ni la autoridad que concede la subvenci\u00f3n pueden ser consideradas responsables de los mismos.  <\/p><\/div><\/div><\/div><\/div>\t\t\t\t\t\t\t\t<\/div>\n\t\t\t\t<\/div>\n\t\t\t\t\t<\/div>\n\t\t\t\t<\/div>\n\t\t\t\t<\/div>\n\t\t","protected":false},"excerpt":{"rendered":"<p>Paquetes de trabajo y calendario de desarrollo Investigaci\u00f3n e estructuradas para filtros de EPI y mascarillas inteligentes El proyecto 2G_PROVEIL se estructura en 6 paquetes de trabajo (WP) interconectados, cada uno centrado en un componente cr\u00edtico del desarrollo, la validaci\u00f3n y la difusi\u00f3n del producto: PROGRESO WP1 \u2013 Gesti\u00f3n del proyecto, gesti\u00f3n de riesgos y [&hellip;]<\/p>\n","protected":false},"author":2,"featured_media":0,"parent":0,"menu_order":0,"comment_status":"closed","ping_status":"closed","template":"elementor_header_footer","meta":{"_acf_changed":false,"footnotes":""},"class_list":["post-3699","page","type-page","status-publish","hentry"],"acf":[],"_links":{"self":[{"href":"https:\/\/2gproveil.eu\/es\/wp-json\/wp\/v2\/pages\/3699","targetHints":{"allow":["GET"]}}],"collection":[{"href":"https:\/\/2gproveil.eu\/es\/wp-json\/wp\/v2\/pages"}],"about":[{"href":"https:\/\/2gproveil.eu\/es\/wp-json\/wp\/v2\/types\/page"}],"author":[{"embeddable":true,"href":"https:\/\/2gproveil.eu\/es\/wp-json\/wp\/v2\/users\/2"}],"replies":[{"embeddable":true,"href":"https:\/\/2gproveil.eu\/es\/wp-json\/wp\/v2\/comments?post=3699"}],"version-history":[{"count":12,"href":"https:\/\/2gproveil.eu\/es\/wp-json\/wp\/v2\/pages\/3699\/revisions"}],"predecessor-version":[{"id":4051,"href":"https:\/\/2gproveil.eu\/es\/wp-json\/wp\/v2\/pages\/3699\/revisions\/4051"}],"wp:attachment":[{"href":"https:\/\/2gproveil.eu\/es\/wp-json\/wp\/v2\/media?parent=3699"}],"curies":[{"name":"wp","href":"https:\/\/api.w.org\/{rel}","templated":true}]}}